{"id":2819,"date":"2023-02-21T08:35:39","date_gmt":"2023-02-21T07:35:39","guid":{"rendered":"https:\/\/www.protsport.com\/protecao-de-campo-padel-easy\/"},"modified":"2023-03-15T12:15:05","modified_gmt":"2023-03-15T11:15:05","slug":"protecao-de-campo-padel-easy","status":"publish","type":"page","link":"https:\/\/www.protsport.com\/pt-pt\/produtos\/protecoes-da-campo-de-padel\/protecao-de-campo-padel-easy\/","title":{"rendered":"Prote\u00e7\u00e3o de Campo Padel EASY"},"content":{"rendered":"\t\t<div data-elementor-type=\"wp-page\" data-elementor-id=\"2819\" class=\"elementor elementor-2819 elementor-921\">\n\t\t\t\t\t\t<section class=\"elementor-section elementor-top-section elementor-element elementor-element-0871eca elementor-section-boxed elementor-section-height-default elementor-section-height-default\" data-id=\"0871eca\" data-element_type=\"section\" data-e-type=\"section\">\n\t\t\t\t\t\t<div class=\"elementor-container elementor-column-gap-default\">\n\t\t\t\t\t<div class=\"elementor-column elementor-col-100 elementor-top-column elementor-element elementor-element-9937b93\" data-id=\"9937b93\" data-element_type=\"column\" data-e-type=\"column\">\n\t\t\t<div class=\"elementor-widget-wrap elementor-element-populated\">\n\t\t\t\t\t\t<div class=\"elementor-element elementor-element-11c52de elementor-widget elementor-widget-text-editor\" data-id=\"11c52de\" data-element_type=\"widget\" data-e-type=\"widget\" data-widget_type=\"text-editor.default\">\n\t\t\t\t<div class=\"elementor-widget-container\">\n\t\t\t\t\t\t\t\t\t<p>\u00a0<\/p><p>A seguran\u00e7a nos campos de <span style=\"color: #e57c2b;\"><strong>padel<\/strong><\/span> vem em primeiro lugar e, temos a prote\u00e7\u00e3o com a qual se pode jogar em seguran\u00e7a. Os jogadores est\u00e3o a tornar-se mais profissionais a cada dia que passa, procurando cada vez mais os limites dos campos e isto leva a acidentes com as entradas e sa\u00eddas dos campos a alta velocidade durante o jogo.<\/p><p>A <span style=\"color: #e57c2b;\"><strong>Prote\u00e7\u00e3o de Campo Easy Padel<\/strong><\/span> (Flap Easy) foi concebida para absorver impactos a alta velocidade gra\u00e7as ao desenho da prote\u00e7\u00e3o e \u00e0 espuma no seu interior. O revestimento em espuma de PVC e PVC transparente d\u00e1 \u00e0 prote\u00e7\u00e3o mais corpo e robustez.<\/p><p>Um kit de <span style=\"color: #e57c2b;\"><strong>prote\u00e7\u00e3o de padel EASY<\/strong><\/span> consiste em seis prote\u00e7\u00f5es para cobrir os dois caixilhos das portas e dois protetores de rede. Tanto as prote\u00e7\u00f5es das portas como a prote\u00e7\u00e3o da rede t\u00eam o mesmo sistema de fixa\u00e7\u00e3o de velcro e ambas as pe\u00e7as t\u00eam um bolso transparente para colocar a publicidade dos patrocinadores. Esta prote\u00e7\u00e3o n\u00e3o tem um chap\u00e9u com fecho de correr e tiras de lona no interior, tal como o modelo de topo <strong><span style=\"color: #e57c2b;\"><a style=\"color: #e57c2b;\" href=\"http:\/\/www.protsport.com\/protecciones-de-padel\/proteccion-padel-pro\/\">(Prote\u00e7\u00e3o de Campo Padel Pro).<\/a><\/span><\/strong><\/p><p>A Prote\u00e7\u00e3o de <span style=\"color: #e57c2b;\"><strong>Campo Padel Easy (Flap Easy)<\/strong><\/span> permite remover, colocar a publicidade e voltar a coloc\u00e1-lo em tempo recorde, gra\u00e7as ao seu sistema de velcro e ao bolso para a publicidade.<\/p><p>O sistema de coloca\u00e7\u00e3o de publicidade \u00e9 um sistema que temos patenteado a n\u00edvel nacional e internacional.<\/p><p style=\"box-sizing: border-box; margin: 0.85em 0px; padding: 0px; border: 0px #e1e1e1; font-variant-numeric: inherit; font-variant-east-asian: inherit; font-stretch: inherit; font-size: 13px; line-height: inherit; font-family: 'open sans', Helvetica, Arial, sans-serif; vertical-align: baseline; color: #666666;\">\u00a0<\/p>\t\t\t\t\t\t\t\t<\/div>\n\t\t\t\t<\/div>\n\t\t\t\t\t<\/div>\n\t\t<\/div>\n\t\t\t\t\t<\/div>\n\t\t<\/section>\n\t\t\t\t<section class=\"elementor-section elementor-top-section elementor-element elementor-element-1bc1e2e elementor-section-boxed elementor-section-height-default elementor-section-height-default\" data-id=\"1bc1e2e\" data-element_type=\"section\" data-e-type=\"section\">\n\t\t\t\t\t\t<div class=\"elementor-container elementor-column-gap-default\">\n\t\t\t\t\t<div class=\"elementor-column elementor-col-33 elementor-top-column elementor-element elementor-element-d2ffa9b\" data-id=\"d2ffa9b\" data-element_type=\"column\" data-e-type=\"column\">\n\t\t\t<div class=\"elementor-widget-wrap elementor-element-populated\">\n\t\t\t\t\t\t<div class=\"elementor-element elementor-element-8ae05dd elementor-widget elementor-widget-image\" data-id=\"8ae05dd\" data-element_type=\"widget\" data-e-type=\"widget\" data-widget_type=\"image.default\">\n\t\t\t\t<div class=\"elementor-widget-container\">\n\t\t\t\t\t\t\t\t\t\t\t\t\t\t\t<img fetchpriority=\"high\" decoding=\"async\" width=\"360\" height=\"480\" src=\"https:\/\/www.protsport.com\/wp-content\/uploads\/2023\/03\/EASY1.jpg\" class=\"attachment-large size-large wp-image-2282\" alt=\"\" srcset=\"https:\/\/www.protsport.com\/wp-content\/uploads\/2023\/03\/EASY1.jpg 360w, https:\/\/www.protsport.com\/wp-content\/uploads\/2023\/03\/EASY1-225x300.jpg 225w\" sizes=\"(max-width: 360px) 100vw, 360px\" \/>\t\t\t\t\t\t\t\t\t\t\t\t\t\t\t<\/div>\n\t\t\t\t<\/div>\n\t\t\t\t\t<\/div>\n\t\t<\/div>\n\t\t\t\t<div class=\"elementor-column elementor-col-33 elementor-top-column elementor-element elementor-element-a80193b\" data-id=\"a80193b\" data-element_type=\"column\" data-e-type=\"column\">\n\t\t\t<div class=\"elementor-widget-wrap elementor-element-populated\">\n\t\t\t\t\t\t<div class=\"elementor-element elementor-element-d984a58 elementor-widget elementor-widget-image\" data-id=\"d984a58\" data-element_type=\"widget\" data-e-type=\"widget\" data-widget_type=\"image.default\">\n\t\t\t\t<div class=\"elementor-widget-container\">\n\t\t\t\t\t\t\t\t\t\t\t\t\t\t\t<img decoding=\"async\" width=\"360\" height=\"480\" src=\"https:\/\/www.protsport.com\/wp-content\/uploads\/2023\/03\/EASY3.jpg\" class=\"attachment-large size-large wp-image-2292\" alt=\"\" srcset=\"https:\/\/www.protsport.com\/wp-content\/uploads\/2023\/03\/EASY3.jpg 360w, https:\/\/www.protsport.com\/wp-content\/uploads\/2023\/03\/EASY3-225x300.jpg 225w\" sizes=\"(max-width: 360px) 100vw, 360px\" \/>\t\t\t\t\t\t\t\t\t\t\t\t\t\t\t<\/div>\n\t\t\t\t<\/div>\n\t\t\t\t\t<\/div>\n\t\t<\/div>\n\t\t\t\t<div class=\"elementor-column elementor-col-33 elementor-top-column elementor-element elementor-element-2b03573\" data-id=\"2b03573\" data-element_type=\"column\" data-e-type=\"column\">\n\t\t\t<div class=\"elementor-widget-wrap elementor-element-populated\">\n\t\t\t\t\t\t<div class=\"elementor-element elementor-element-c02504b elementor-widget elementor-widget-image\" data-id=\"c02504b\" data-element_type=\"widget\" data-e-type=\"widget\" data-widget_type=\"image.default\">\n\t\t\t\t<div class=\"elementor-widget-container\">\n\t\t\t\t\t\t\t\t\t\t\t\t\t\t\t<img decoding=\"async\" width=\"360\" height=\"480\" src=\"https:\/\/www.protsport.com\/wp-content\/uploads\/2023\/03\/EASY2.jpg\" class=\"attachment-large size-large wp-image-2287\" alt=\"\" srcset=\"https:\/\/www.protsport.com\/wp-content\/uploads\/2023\/03\/EASY2.jpg 360w, https:\/\/www.protsport.com\/wp-content\/uploads\/2023\/03\/EASY2-225x300.jpg 225w\" sizes=\"(max-width: 360px) 100vw, 360px\" \/>\t\t\t\t\t\t\t\t\t\t\t\t\t\t\t<\/div>\n\t\t\t\t<\/div>\n\t\t\t\t\t<\/div>\n\t\t<\/div>\n\t\t\t\t\t<\/div>\n\t\t<\/section>\n\t\t\t\t<section class=\"elementor-section elementor-top-section elementor-element elementor-element-60727c4 elementor-section-boxed elementor-section-height-default elementor-section-height-default\" data-id=\"60727c4\" data-element_type=\"section\" data-e-type=\"section\">\n\t\t\t\t\t\t<div class=\"elementor-container elementor-column-gap-default\">\n\t\t\t\t\t<div class=\"elementor-column elementor-col-100 elementor-top-column elementor-element elementor-element-09c19fd\" data-id=\"09c19fd\" data-element_type=\"column\" data-e-type=\"column\">\n\t\t\t<div class=\"elementor-widget-wrap elementor-element-populated\">\n\t\t\t\t\t\t\t<\/div>\n\t\t<\/div>\n\t\t\t\t\t<\/div>\n\t\t<\/section>\n\t\t\t\t<\/div>\n\t\t","protected":false},"excerpt":{"rendered":"<p>\u00a0 A seguran\u00e7a nos campos de padel vem em primeiro lugar e, temos a prote\u00e7\u00e3o com a qual se pode jogar em seguran\u00e7a. Os jogadores est\u00e3o a tornar-se mais profissionais a cada dia que passa, procurando cada vez mais os limites dos campos e isto leva a acidentes com as entradas e sa\u00eddas dos campos [&hellip;]<\/p>\n","protected":false},"author":1,"featured_media":0,"parent":2824,"menu_order":0,"comment_status":"closed","ping_status":"closed","template":"","meta":{"footnotes":""},"class_list":["post-2819","page","type-page","status-publish","hentry"],"yoast_head":"<!-- This site is optimized with the Yoast SEO plugin v27.3 - https:\/\/yoast.com\/product\/yoast-seo-wordpress\/ -->\r\n<title>Prote\u00e7\u00e3o de Campo Padel EASY - ProtSport<\/title>\r\n<meta name=\"description\" content=\"Prote\u00e7\u00e3o de Campo Padel EASY - Descubre las mejores protecciones para pistas de p\u00e1del.\" \/>\r\n<meta name=\"robots\" content=\"index, follow, max-snippet:-1, max-image-preview:large, max-video-preview:-1\" \/>\r\n<link rel=\"canonical\" href=\"https:\/\/www.protsport.com\/pt-pt\/produtos\/protecoes-da-campo-de-padel\/protecao-de-campo-padel-easy\/\" \/>\r\n<meta property=\"og:locale\" content=\"pt_PT\" \/>\r\n<meta property=\"og:type\" content=\"article\" \/>\r\n<meta property=\"og:title\" content=\"Prote\u00e7\u00e3o de Campo Padel EASY - ProtSport\" \/>\r\n<meta property=\"og:description\" content=\"Prote\u00e7\u00e3o de Campo Padel EASY - Descubre las mejores protecciones para pistas de p\u00e1del.\" \/>\r\n<meta property=\"og:url\" content=\"https:\/\/www.protsport.com\/pt-pt\/produtos\/protecoes-da-campo-de-padel\/protecao-de-campo-padel-easy\/\" \/>\r\n<meta property=\"og:site_name\" content=\"ProtSport\" \/>\r\n<meta property=\"article:modified_time\" content=\"2023-03-15T11:15:05+00:00\" \/>\r\n<meta property=\"og:image\" content=\"https:\/\/www.protsport.com\/wp-content\/uploads\/2023\/03\/EASY1.jpg\" \/>\r\n<meta name=\"twitter:card\" content=\"summary_large_image\" \/>\r\n<meta name=\"twitter:label1\" content=\"Tempo estimado de leitura\" \/>\n\t<meta name=\"twitter:data1\" content=\"1 minuto\" \/>\r\n<script type=\"application\/ld+json\" class=\"yoast-schema-graph\">{\"@context\":\"https:\\\/\\\/schema.org\",\"@graph\":[{\"@type\":\"WebPage\",\"@id\":\"https:\\\/\\\/www.protsport.com\\\/pt-pt\\\/produtos\\\/protecoes-da-campo-de-padel\\\/protecao-de-campo-padel-easy\\\/\",\"url\":\"https:\\\/\\\/www.protsport.com\\\/pt-pt\\\/produtos\\\/protecoes-da-campo-de-padel\\\/protecao-de-campo-padel-easy\\\/\",\"name\":\"Prote\u00e7\u00e3o de Campo Padel EASY - ProtSport\",\"isPartOf\":{\"@id\":\"https:\\\/\\\/www.protsport.com\\\/#website\"},\"primaryImageOfPage\":{\"@id\":\"https:\\\/\\\/www.protsport.com\\\/pt-pt\\\/produtos\\\/protecoes-da-campo-de-padel\\\/protecao-de-campo-padel-easy\\\/#primaryimage\"},\"image\":{\"@id\":\"https:\\\/\\\/www.protsport.com\\\/pt-pt\\\/produtos\\\/protecoes-da-campo-de-padel\\\/protecao-de-campo-padel-easy\\\/#primaryimage\"},\"thumbnailUrl\":\"https:\\\/\\\/www.protsport.com\\\/wp-content\\\/uploads\\\/2023\\\/03\\\/EASY1.jpg\",\"datePublished\":\"2023-02-21T07:35:39+00:00\",\"dateModified\":\"2023-03-15T11:15:05+00:00\",\"description\":\"Prote\u00e7\u00e3o de Campo Padel EASY - Descubre las mejores protecciones para pistas de p\u00e1del.\",\"breadcrumb\":{\"@id\":\"https:\\\/\\\/www.protsport.com\\\/pt-pt\\\/produtos\\\/protecoes-da-campo-de-padel\\\/protecao-de-campo-padel-easy\\\/#breadcrumb\"},\"inLanguage\":\"pt-PT\",\"potentialAction\":[{\"@type\":\"ReadAction\",\"target\":[\"https:\\\/\\\/www.protsport.com\\\/pt-pt\\\/produtos\\\/protecoes-da-campo-de-padel\\\/protecao-de-campo-padel-easy\\\/\"]}]},{\"@type\":\"ImageObject\",\"inLanguage\":\"pt-PT\",\"@id\":\"https:\\\/\\\/www.protsport.com\\\/pt-pt\\\/produtos\\\/protecoes-da-campo-de-padel\\\/protecao-de-campo-padel-easy\\\/#primaryimage\",\"url\":\"https:\\\/\\\/www.protsport.com\\\/wp-content\\\/uploads\\\/2023\\\/03\\\/EASY1.jpg\",\"contentUrl\":\"https:\\\/\\\/www.protsport.com\\\/wp-content\\\/uploads\\\/2023\\\/03\\\/EASY1.jpg\"},{\"@type\":\"BreadcrumbList\",\"@id\":\"https:\\\/\\\/www.protsport.com\\\/pt-pt\\\/produtos\\\/protecoes-da-campo-de-padel\\\/protecao-de-campo-padel-easy\\\/#breadcrumb\",\"itemListElement\":[{\"@type\":\"ListItem\",\"position\":1,\"name\":\"Portada\",\"item\":\"https:\\\/\\\/www.protsport.com\\\/pt-pt\\\/\"},{\"@type\":\"ListItem\",\"position\":2,\"name\":\"Produtos\",\"item\":\"https:\\\/\\\/www.protsport.com\\\/pt-pt\\\/produtos\\\/\"},{\"@type\":\"ListItem\",\"position\":3,\"name\":\"Prote\u00e7\u00f5es da campo de padel\",\"item\":\"https:\\\/\\\/www.protsport.com\\\/pt-pt\\\/produtos\\\/protecoes-da-campo-de-padel\\\/\"},{\"@type\":\"ListItem\",\"position\":4,\"name\":\"Prote\u00e7\u00e3o de Campo Padel EASY\"}]},{\"@type\":\"WebSite\",\"@id\":\"https:\\\/\\\/www.protsport.com\\\/#website\",\"url\":\"https:\\\/\\\/www.protsport.com\\\/\",\"name\":\"ProtSport\",\"description\":\"Protecciones para pista de padel serguras y de Calidad\",\"publisher\":{\"@id\":\"https:\\\/\\\/www.protsport.com\\\/#organization\"},\"potentialAction\":[{\"@type\":\"SearchAction\",\"target\":{\"@type\":\"EntryPoint\",\"urlTemplate\":\"https:\\\/\\\/www.protsport.com\\\/?s={search_term_string}\"},\"query-input\":{\"@type\":\"PropertyValueSpecification\",\"valueRequired\":true,\"valueName\":\"search_term_string\"}}],\"inLanguage\":\"pt-PT\"},{\"@type\":\"Organization\",\"@id\":\"https:\\\/\\\/www.protsport.com\\\/#organization\",\"name\":\"ProtSport\",\"url\":\"https:\\\/\\\/www.protsport.com\\\/\",\"logo\":{\"@type\":\"ImageObject\",\"inLanguage\":\"pt-PT\",\"@id\":\"https:\\\/\\\/www.protsport.com\\\/#\\\/schema\\\/logo\\\/image\\\/\",\"url\":\"https:\\\/\\\/www.protsport.com\\\/wp-content\\\/uploads\\\/2025\\\/06\\\/cropped-Logo-PS-1.gif\",\"contentUrl\":\"https:\\\/\\\/www.protsport.com\\\/wp-content\\\/uploads\\\/2025\\\/06\\\/cropped-Logo-PS-1.gif\",\"width\":357,\"height\":87,\"caption\":\"ProtSport\"},\"image\":{\"@id\":\"https:\\\/\\\/www.protsport.com\\\/#\\\/schema\\\/logo\\\/image\\\/\"}}]}<\/script>\r\n<!-- \/ Yoast SEO plugin. -->","yoast_head_json":{"title":"Prote\u00e7\u00e3o de Campo Padel EASY - ProtSport","description":"Prote\u00e7\u00e3o de Campo Padel EASY - Descubre las mejores protecciones para pistas de p\u00e1del.","robots":{"index":"index","follow":"follow","max-snippet":"max-snippet:-1","max-image-preview":"max-image-preview:large","max-video-preview":"max-video-preview:-1"},"canonical":"https:\/\/www.protsport.com\/pt-pt\/produtos\/protecoes-da-campo-de-padel\/protecao-de-campo-padel-easy\/","og_locale":"pt_PT","og_type":"article","og_title":"Prote\u00e7\u00e3o de Campo Padel EASY - ProtSport","og_description":"Prote\u00e7\u00e3o de Campo Padel EASY - Descubre las mejores protecciones para pistas de p\u00e1del.","og_url":"https:\/\/www.protsport.com\/pt-pt\/produtos\/protecoes-da-campo-de-padel\/protecao-de-campo-padel-easy\/","og_site_name":"ProtSport","article_modified_time":"2023-03-15T11:15:05+00:00","og_image":[{"url":"https:\/\/www.protsport.com\/wp-content\/uploads\/2023\/03\/EASY1.jpg","type":"","width":"","height":""}],"twitter_card":"summary_large_image","twitter_misc":{"Tempo estimado de leitura":"1 minuto"},"schema":{"@context":"https:\/\/schema.org","@graph":[{"@type":"WebPage","@id":"https:\/\/www.protsport.com\/pt-pt\/produtos\/protecoes-da-campo-de-padel\/protecao-de-campo-padel-easy\/","url":"https:\/\/www.protsport.com\/pt-pt\/produtos\/protecoes-da-campo-de-padel\/protecao-de-campo-padel-easy\/","name":"Prote\u00e7\u00e3o de Campo Padel EASY - ProtSport","isPartOf":{"@id":"https:\/\/www.protsport.com\/#website"},"primaryImageOfPage":{"@id":"https:\/\/www.protsport.com\/pt-pt\/produtos\/protecoes-da-campo-de-padel\/protecao-de-campo-padel-easy\/#primaryimage"},"image":{"@id":"https:\/\/www.protsport.com\/pt-pt\/produtos\/protecoes-da-campo-de-padel\/protecao-de-campo-padel-easy\/#primaryimage"},"thumbnailUrl":"https:\/\/www.protsport.com\/wp-content\/uploads\/2023\/03\/EASY1.jpg","datePublished":"2023-02-21T07:35:39+00:00","dateModified":"2023-03-15T11:15:05+00:00","description":"Prote\u00e7\u00e3o de Campo Padel EASY - Descubre las mejores protecciones para pistas de p\u00e1del.","breadcrumb":{"@id":"https:\/\/www.protsport.com\/pt-pt\/produtos\/protecoes-da-campo-de-padel\/protecao-de-campo-padel-easy\/#breadcrumb"},"inLanguage":"pt-PT","potentialAction":[{"@type":"ReadAction","target":["https:\/\/www.protsport.com\/pt-pt\/produtos\/protecoes-da-campo-de-padel\/protecao-de-campo-padel-easy\/"]}]},{"@type":"ImageObject","inLanguage":"pt-PT","@id":"https:\/\/www.protsport.com\/pt-pt\/produtos\/protecoes-da-campo-de-padel\/protecao-de-campo-padel-easy\/#primaryimage","url":"https:\/\/www.protsport.com\/wp-content\/uploads\/2023\/03\/EASY1.jpg","contentUrl":"https:\/\/www.protsport.com\/wp-content\/uploads\/2023\/03\/EASY1.jpg"},{"@type":"BreadcrumbList","@id":"https:\/\/www.protsport.com\/pt-pt\/produtos\/protecoes-da-campo-de-padel\/protecao-de-campo-padel-easy\/#breadcrumb","itemListElement":[{"@type":"ListItem","position":1,"name":"Portada","item":"https:\/\/www.protsport.com\/pt-pt\/"},{"@type":"ListItem","position":2,"name":"Produtos","item":"https:\/\/www.protsport.com\/pt-pt\/produtos\/"},{"@type":"ListItem","position":3,"name":"Prote\u00e7\u00f5es da campo de padel","item":"https:\/\/www.protsport.com\/pt-pt\/produtos\/protecoes-da-campo-de-padel\/"},{"@type":"ListItem","position":4,"name":"Prote\u00e7\u00e3o de Campo Padel EASY"}]},{"@type":"WebSite","@id":"https:\/\/www.protsport.com\/#website","url":"https:\/\/www.protsport.com\/","name":"ProtSport","description":"Protecciones para pista de padel serguras y de Calidad","publisher":{"@id":"https:\/\/www.protsport.com\/#organization"},"potentialAction":[{"@type":"SearchAction","target":{"@type":"EntryPoint","urlTemplate":"https:\/\/www.protsport.com\/?s={search_term_string}"},"query-input":{"@type":"PropertyValueSpecification","valueRequired":true,"valueName":"search_term_string"}}],"inLanguage":"pt-PT"},{"@type":"Organization","@id":"https:\/\/www.protsport.com\/#organization","name":"ProtSport","url":"https:\/\/www.protsport.com\/","logo":{"@type":"ImageObject","inLanguage":"pt-PT","@id":"https:\/\/www.protsport.com\/#\/schema\/logo\/image\/","url":"https:\/\/www.protsport.com\/wp-content\/uploads\/2025\/06\/cropped-Logo-PS-1.gif","contentUrl":"https:\/\/www.protsport.com\/wp-content\/uploads\/2025\/06\/cropped-Logo-PS-1.gif","width":357,"height":87,"caption":"ProtSport"},"image":{"@id":"https:\/\/www.protsport.com\/#\/schema\/logo\/image\/"}}]}},"_links":{"self":[{"href":"https:\/\/www.protsport.com\/pt-pt\/wp-json\/wp\/v2\/pages\/2819","targetHints":{"allow":["GET"]}}],"collection":[{"href":"https:\/\/www.protsport.com\/pt-pt\/wp-json\/wp\/v2\/pages"}],"about":[{"href":"https:\/\/www.protsport.com\/pt-pt\/wp-json\/wp\/v2\/types\/page"}],"author":[{"embeddable":true,"href":"https:\/\/www.protsport.com\/pt-pt\/wp-json\/wp\/v2\/users\/1"}],"replies":[{"embeddable":true,"href":"https:\/\/www.protsport.com\/pt-pt\/wp-json\/wp\/v2\/comments?post=2819"}],"version-history":[{"count":0,"href":"https:\/\/www.protsport.com\/pt-pt\/wp-json\/wp\/v2\/pages\/2819\/revisions"}],"up":[{"embeddable":true,"href":"https:\/\/www.protsport.com\/pt-pt\/wp-json\/wp\/v2\/pages\/2824"}],"wp:attachment":[{"href":"https:\/\/www.protsport.com\/pt-pt\/wp-json\/wp\/v2\/media?parent=2819"}],"curies":[{"name":"wp","href":"https:\/\/api.w.org\/{rel}","templated":true}]}}