{"id":2817,"date":"2023-02-21T08:35:56","date_gmt":"2023-02-21T07:35:56","guid":{"rendered":"https:\/\/www.protsport.com\/protecao-de-campo-padel-pro\/"},"modified":"2023-03-15T12:18:44","modified_gmt":"2023-03-15T11:18:44","slug":"protecao-de-campo-padel-pro","status":"publish","type":"page","link":"https:\/\/www.protsport.com\/pt-pt\/produtos\/protecoes-da-campo-de-padel\/protecao-de-campo-padel-pro\/","title":{"rendered":"Prote\u00e7\u00e3o de Campo Padel PRO"},"content":{"rendered":"\t\t<div data-elementor-type=\"wp-page\" data-elementor-id=\"2817\" class=\"elementor elementor-2817 elementor-923\">\n\t\t\t\t\t\t<section class=\"elementor-section elementor-top-section elementor-element elementor-element-2e468fc elementor-section-boxed elementor-section-height-default elementor-section-height-default\" data-id=\"2e468fc\" data-element_type=\"section\" data-e-type=\"section\">\n\t\t\t\t\t\t<div class=\"elementor-container elementor-column-gap-default\">\n\t\t\t\t\t<div class=\"elementor-column elementor-col-100 elementor-top-column elementor-element elementor-element-0e7124b\" data-id=\"0e7124b\" data-element_type=\"column\" data-e-type=\"column\">\n\t\t\t<div class=\"elementor-widget-wrap elementor-element-populated\">\n\t\t\t\t\t\t<div class=\"elementor-element elementor-element-4a8d017 elementor-widget elementor-widget-text-editor\" data-id=\"4a8d017\" data-element_type=\"widget\" data-e-type=\"widget\" data-widget_type=\"text-editor.default\">\n\t\t\t\t<div class=\"elementor-widget-container\">\n\t\t\t\t\t\t\t\t\t<p>\u00a0<\/p><p>Esta \u00e9 a melhor prote\u00e7\u00e3o que se pode ter, a <span style=\"color: #e57c2b;\"><strong>Prote\u00e7\u00e3o de Campo Padel Pro.<\/strong><\/span> \u00c9 uma prote\u00e7\u00e3o do campo de padel para os jogadores de <span style=\"color: #e57c2b;\"><strong>padel<\/strong><\/span> mais exigentes. A prote\u00e7\u00e3o da porta \u00e9 a mesma que o <span style=\"color: #e57c2b;\"><strong>modelo EASY<\/strong><\/span>, mas a prote\u00e7\u00e3o do poste de rede tem uma espessura extra de espuma para proteger de embates de alta velocidade.<\/p><p>Tal como o <span style=\"color: #e57c2b;\"><strong>modelo EASY<\/strong><\/span>, tanto a prote\u00e7\u00e3o das portas como na prote\u00e7\u00e3o dos postes de rede, o sistema de fixa\u00e7\u00e3o \u00e9 por velcro, f\u00e1cil e r\u00e1pido de fixar, tem um bolso transparente para poder colocar a publicidade do patrocinador sem ter de mudar a prote\u00e7\u00e3o.<\/p><p>Este sistema de bolso transparente foi concebido de modo a que as <span style=\"color: #e57c2b;\"><strong>prote\u00e7\u00f5es<\/strong><\/span> se tornem outra fonte de rendimento para o Clube. Uma vez que se pode colocar em cada torneio uma publicidade diferente, dependendo dos patrocinadores. O sistema de publicidade \u00e9 patenteado.<\/p><p>No topo da <span style=\"color: #e57c2b;\"><strong>prote\u00e7\u00e3o dos postes de rede<\/strong><\/span>, existe uma tampa que pode ser removida com um fecho de correr, o que facilita a coloca\u00e7\u00e3o e a retirada da publicidade.<\/p><p>A espuma utilizada na <span style=\"color: #e57c2b;\"><strong>Prote\u00e7\u00e3o de Campo Padel Pro<\/strong><\/span> (Flap Pro) \u00e9 feita de polietileno de alta qualidade.<\/p><p>No final da p\u00e1gina pode ver um v\u00eddeo que demonstra como remover a prote\u00e7\u00e3o do poste da rede, colocar a publicidade e voltar a colocar a prote\u00e7\u00e3o, tudo em menos de um minuto.<\/p><p>\u00a0<\/p>\t\t\t\t\t\t\t\t<\/div>\n\t\t\t\t<\/div>\n\t\t\t\t\t<\/div>\n\t\t<\/div>\n\t\t\t\t\t<\/div>\n\t\t<\/section>\n\t\t\t\t<section class=\"elementor-section elementor-top-section elementor-element elementor-element-39f0d71 elementor-section-boxed elementor-section-height-default elementor-section-height-default\" data-id=\"39f0d71\" data-element_type=\"section\" data-e-type=\"section\">\n\t\t\t\t\t\t<div class=\"elementor-container elementor-column-gap-default\">\n\t\t\t\t\t<div class=\"elementor-column elementor-col-50 elementor-top-column elementor-element elementor-element-c02b8b5\" data-id=\"c02b8b5\" data-element_type=\"column\" data-e-type=\"column\">\n\t\t\t<div class=\"elementor-widget-wrap elementor-element-populated\">\n\t\t\t\t\t\t<div class=\"elementor-element elementor-element-a815ec7 elementor-widget elementor-widget-image\" data-id=\"a815ec7\" data-element_type=\"widget\" data-e-type=\"widget\" data-widget_type=\"image.default\">\n\t\t\t\t<div class=\"elementor-widget-container\">\n\t\t\t\t\t\t\t\t\t\t\t\t\t\t\t<img fetchpriority=\"high\" decoding=\"async\" width=\"520\" height=\"776\" src=\"https:\/\/www.protsport.com\/wp-content\/uploads\/2023\/03\/PRO250x776.jpg\" class=\"attachment-large size-large wp-image-2300\" alt=\"\" srcset=\"https:\/\/www.protsport.com\/wp-content\/uploads\/2023\/03\/PRO250x776.jpg 520w, https:\/\/www.protsport.com\/wp-content\/uploads\/2023\/03\/PRO250x776-201x300.jpg 201w, https:\/\/www.protsport.com\/wp-content\/uploads\/2023\/03\/PRO250x776-402x600.jpg 402w\" sizes=\"(max-width: 520px) 100vw, 520px\" \/>\t\t\t\t\t\t\t\t\t\t\t\t\t\t\t<\/div>\n\t\t\t\t<\/div>\n\t\t\t\t\t<\/div>\n\t\t<\/div>\n\t\t\t\t<div class=\"elementor-column elementor-col-50 elementor-top-column elementor-element elementor-element-9e89a9d\" data-id=\"9e89a9d\" data-element_type=\"column\" data-e-type=\"column\">\n\t\t\t<div class=\"elementor-widget-wrap elementor-element-populated\">\n\t\t\t\t\t\t<div class=\"elementor-element elementor-element-c0f5e08 elementor-widget elementor-widget-image\" data-id=\"c0f5e08\" data-element_type=\"widget\" data-e-type=\"widget\" data-widget_type=\"image.default\">\n\t\t\t\t<div class=\"elementor-widget-container\">\n\t\t\t\t\t\t\t\t\t\t\t\t\t\t\t<img decoding=\"async\" width=\"520\" height=\"776\" src=\"https:\/\/www.protsport.com\/wp-content\/uploads\/2023\/03\/PRO250x776-2.jpg\" class=\"attachment-large size-large wp-image-2305\" alt=\"\" srcset=\"https:\/\/www.protsport.com\/wp-content\/uploads\/2023\/03\/PRO250x776-2.jpg 520w, https:\/\/www.protsport.com\/wp-content\/uploads\/2023\/03\/PRO250x776-2-201x300.jpg 201w, https:\/\/www.protsport.com\/wp-content\/uploads\/2023\/03\/PRO250x776-2-402x600.jpg 402w\" sizes=\"(max-width: 520px) 100vw, 520px\" \/>\t\t\t\t\t\t\t\t\t\t\t\t\t\t\t<\/div>\n\t\t\t\t<\/div>\n\t\t\t\t\t<\/div>\n\t\t<\/div>\n\t\t\t\t\t<\/div>\n\t\t<\/section>\n\t\t\t\t<section class=\"elementor-section elementor-top-section elementor-element elementor-element-60e3982 elementor-section-boxed elementor-section-height-default elementor-section-height-default\" data-id=\"60e3982\" data-element_type=\"section\" data-e-type=\"section\">\n\t\t\t\t\t\t<div class=\"elementor-container elementor-column-gap-default\">\n\t\t\t\t\t<div class=\"elementor-column elementor-col-100 elementor-top-column elementor-element elementor-element-501ef26\" data-id=\"501ef26\" data-element_type=\"column\" data-e-type=\"column\">\n\t\t\t<div class=\"elementor-widget-wrap elementor-element-populated\">\n\t\t\t\t\t\t<div class=\"elementor-element elementor-element-4f5dbbc elementor-widget elementor-widget-spacer\" data-id=\"4f5dbbc\" data-element_type=\"widget\" data-e-type=\"widget\" data-widget_type=\"spacer.default\">\n\t\t\t\t<div class=\"elementor-widget-container\">\n\t\t\t\t\t\t\t<div class=\"elementor-spacer\">\n\t\t\t<div class=\"elementor-spacer-inner\"><\/div>\n\t\t<\/div>\n\t\t\t\t\t\t<\/div>\n\t\t\t\t<\/div>\n\t\t\t\t\t<\/div>\n\t\t<\/div>\n\t\t\t\t\t<\/div>\n\t\t<\/section>\n\t\t\t\t<section class=\"elementor-section elementor-top-section elementor-element elementor-element-b48dc57 elementor-section-boxed elementor-section-height-default elementor-section-height-default\" data-id=\"b48dc57\" data-element_type=\"section\" data-e-type=\"section\">\n\t\t\t\t\t\t<div class=\"elementor-container elementor-column-gap-default\">\n\t\t\t\t\t<div class=\"elementor-column elementor-col-100 elementor-top-column elementor-element elementor-element-281780a\" data-id=\"281780a\" data-element_type=\"column\" data-e-type=\"column\">\n\t\t\t<div class=\"elementor-widget-wrap elementor-element-populated\">\n\t\t\t\t\t\t<div class=\"elementor-element elementor-element-9625209 elementor-widget elementor-widget-video\" data-id=\"9625209\" data-element_type=\"widget\" data-e-type=\"widget\" data-settings=\"{&quot;youtube_url&quot;:&quot;https:\\\/\\\/www.youtube.com\\\/watch?v=_y3A5F5egOY&amp;t=3s&quot;,&quot;autoplay&quot;:&quot;yes&quot;,&quot;loop&quot;:&quot;yes&quot;,&quot;video_type&quot;:&quot;youtube&quot;,&quot;controls&quot;:&quot;yes&quot;}\" data-widget_type=\"video.default\">\n\t\t\t\t<div class=\"elementor-widget-container\">\n\t\t\t\t\t\t\t<div class=\"elementor-wrapper elementor-open-inline\">\n\t\t\t<div class=\"elementor-video\"><\/div>\t\t<\/div>\n\t\t\t\t\t\t<\/div>\n\t\t\t\t<\/div>\n\t\t\t\t\t<\/div>\n\t\t<\/div>\n\t\t\t\t\t<\/div>\n\t\t<\/section>\n\t\t\t\t<section class=\"elementor-section elementor-top-section elementor-element elementor-element-a058ef9 elementor-section-boxed elementor-section-height-default elementor-section-height-default\" data-id=\"a058ef9\" data-element_type=\"section\" data-e-type=\"section\">\n\t\t\t\t\t\t<div class=\"elementor-container elementor-column-gap-default\">\n\t\t\t\t\t<div class=\"elementor-column elementor-col-100 elementor-top-column elementor-element elementor-element-75c5fa7\" data-id=\"75c5fa7\" data-element_type=\"column\" data-e-type=\"column\">\n\t\t\t<div class=\"elementor-widget-wrap elementor-element-populated\">\n\t\t\t\t\t\t\t<\/div>\n\t\t<\/div>\n\t\t\t\t\t<\/div>\n\t\t<\/section>\n\t\t\t\t<\/div>\n\t\t","protected":false},"excerpt":{"rendered":"<p>\u00a0 Esta \u00e9 a melhor prote\u00e7\u00e3o que se pode ter, a Prote\u00e7\u00e3o de Campo Padel Pro. \u00c9 uma prote\u00e7\u00e3o do campo de padel para os jogadores de padel mais exigentes. A prote\u00e7\u00e3o da porta \u00e9 a mesma que o modelo EASY, mas a prote\u00e7\u00e3o do poste de rede tem uma espessura extra de espuma para [&hellip;]<\/p>\n","protected":false},"author":1,"featured_media":0,"parent":2824,"menu_order":0,"comment_status":"closed","ping_status":"closed","template":"","meta":{"footnotes":""},"class_list":["post-2817","page","type-page","status-publish","hentry"],"yoast_head":"<!-- This site is optimized with the Yoast SEO plugin v27.3 - https:\/\/yoast.com\/product\/yoast-seo-wordpress\/ -->\r\n<title>Prote\u00e7\u00e3o de Campo Padel PRO - ProtSport<\/title>\r\n<meta name=\"description\" content=\"Prote\u00e7\u00e3o de Campo Padel PRO - Descubre las mejores protecciones para pistas de p\u00e1del.\" \/>\r\n<meta name=\"robots\" content=\"index, follow, max-snippet:-1, max-image-preview:large, max-video-preview:-1\" \/>\r\n<link rel=\"canonical\" href=\"https:\/\/www.protsport.com\/pt-pt\/produtos\/protecoes-da-campo-de-padel\/protecao-de-campo-padel-pro\/\" \/>\r\n<meta property=\"og:locale\" content=\"pt_PT\" \/>\r\n<meta property=\"og:type\" content=\"article\" \/>\r\n<meta property=\"og:title\" content=\"Prote\u00e7\u00e3o de Campo Padel PRO - ProtSport\" \/>\r\n<meta property=\"og:description\" content=\"Prote\u00e7\u00e3o de Campo Padel PRO - Descubre las mejores protecciones para pistas de p\u00e1del.\" \/>\r\n<meta property=\"og:url\" content=\"https:\/\/www.protsport.com\/pt-pt\/produtos\/protecoes-da-campo-de-padel\/protecao-de-campo-padel-pro\/\" \/>\r\n<meta property=\"og:site_name\" content=\"ProtSport\" \/>\r\n<meta property=\"article:modified_time\" content=\"2023-03-15T11:18:44+00:00\" \/>\r\n<meta property=\"og:image\" content=\"https:\/\/www.protsport.com\/wp-content\/uploads\/2023\/03\/PRO250x776.jpg\" \/>\r\n<meta name=\"twitter:card\" content=\"summary_large_image\" \/>\r\n<meta name=\"twitter:label1\" content=\"Tempo estimado de leitura\" \/>\n\t<meta name=\"twitter:data1\" content=\"1 minuto\" \/>\r\n<script type=\"application\/ld+json\" class=\"yoast-schema-graph\">{\"@context\":\"https:\\\/\\\/schema.org\",\"@graph\":[{\"@type\":\"WebPage\",\"@id\":\"https:\\\/\\\/www.protsport.com\\\/pt-pt\\\/produtos\\\/protecoes-da-campo-de-padel\\\/protecao-de-campo-padel-pro\\\/\",\"url\":\"https:\\\/\\\/www.protsport.com\\\/pt-pt\\\/produtos\\\/protecoes-da-campo-de-padel\\\/protecao-de-campo-padel-pro\\\/\",\"name\":\"Prote\u00e7\u00e3o de Campo Padel PRO - ProtSport\",\"isPartOf\":{\"@id\":\"https:\\\/\\\/www.protsport.com\\\/#website\"},\"primaryImageOfPage\":{\"@id\":\"https:\\\/\\\/www.protsport.com\\\/pt-pt\\\/produtos\\\/protecoes-da-campo-de-padel\\\/protecao-de-campo-padel-pro\\\/#primaryimage\"},\"image\":{\"@id\":\"https:\\\/\\\/www.protsport.com\\\/pt-pt\\\/produtos\\\/protecoes-da-campo-de-padel\\\/protecao-de-campo-padel-pro\\\/#primaryimage\"},\"thumbnailUrl\":\"https:\\\/\\\/www.protsport.com\\\/wp-content\\\/uploads\\\/2023\\\/03\\\/PRO250x776.jpg\",\"datePublished\":\"2023-02-21T07:35:56+00:00\",\"dateModified\":\"2023-03-15T11:18:44+00:00\",\"description\":\"Prote\u00e7\u00e3o de Campo Padel PRO - Descubre las mejores protecciones para pistas de p\u00e1del.\",\"breadcrumb\":{\"@id\":\"https:\\\/\\\/www.protsport.com\\\/pt-pt\\\/produtos\\\/protecoes-da-campo-de-padel\\\/protecao-de-campo-padel-pro\\\/#breadcrumb\"},\"inLanguage\":\"pt-PT\",\"potentialAction\":[{\"@type\":\"ReadAction\",\"target\":[\"https:\\\/\\\/www.protsport.com\\\/pt-pt\\\/produtos\\\/protecoes-da-campo-de-padel\\\/protecao-de-campo-padel-pro\\\/\"]}]},{\"@type\":\"ImageObject\",\"inLanguage\":\"pt-PT\",\"@id\":\"https:\\\/\\\/www.protsport.com\\\/pt-pt\\\/produtos\\\/protecoes-da-campo-de-padel\\\/protecao-de-campo-padel-pro\\\/#primaryimage\",\"url\":\"https:\\\/\\\/www.protsport.com\\\/wp-content\\\/uploads\\\/2023\\\/03\\\/PRO250x776.jpg\",\"contentUrl\":\"https:\\\/\\\/www.protsport.com\\\/wp-content\\\/uploads\\\/2023\\\/03\\\/PRO250x776.jpg\"},{\"@type\":\"BreadcrumbList\",\"@id\":\"https:\\\/\\\/www.protsport.com\\\/pt-pt\\\/produtos\\\/protecoes-da-campo-de-padel\\\/protecao-de-campo-padel-pro\\\/#breadcrumb\",\"itemListElement\":[{\"@type\":\"ListItem\",\"position\":1,\"name\":\"Portada\",\"item\":\"https:\\\/\\\/www.protsport.com\\\/pt-pt\\\/\"},{\"@type\":\"ListItem\",\"position\":2,\"name\":\"Produtos\",\"item\":\"https:\\\/\\\/www.protsport.com\\\/pt-pt\\\/produtos\\\/\"},{\"@type\":\"ListItem\",\"position\":3,\"name\":\"Prote\u00e7\u00f5es da campo de padel\",\"item\":\"https:\\\/\\\/www.protsport.com\\\/pt-pt\\\/produtos\\\/protecoes-da-campo-de-padel\\\/\"},{\"@type\":\"ListItem\",\"position\":4,\"name\":\"Prote\u00e7\u00e3o de Campo Padel PRO\"}]},{\"@type\":\"WebSite\",\"@id\":\"https:\\\/\\\/www.protsport.com\\\/#website\",\"url\":\"https:\\\/\\\/www.protsport.com\\\/\",\"name\":\"ProtSport\",\"description\":\"Protecciones para pista de padel serguras y de Calidad\",\"publisher\":{\"@id\":\"https:\\\/\\\/www.protsport.com\\\/#organization\"},\"potentialAction\":[{\"@type\":\"SearchAction\",\"target\":{\"@type\":\"EntryPoint\",\"urlTemplate\":\"https:\\\/\\\/www.protsport.com\\\/?s={search_term_string}\"},\"query-input\":{\"@type\":\"PropertyValueSpecification\",\"valueRequired\":true,\"valueName\":\"search_term_string\"}}],\"inLanguage\":\"pt-PT\"},{\"@type\":\"Organization\",\"@id\":\"https:\\\/\\\/www.protsport.com\\\/#organization\",\"name\":\"ProtSport\",\"url\":\"https:\\\/\\\/www.protsport.com\\\/\",\"logo\":{\"@type\":\"ImageObject\",\"inLanguage\":\"pt-PT\",\"@id\":\"https:\\\/\\\/www.protsport.com\\\/#\\\/schema\\\/logo\\\/image\\\/\",\"url\":\"https:\\\/\\\/www.protsport.com\\\/wp-content\\\/uploads\\\/2025\\\/06\\\/cropped-Logo-PS-1.gif\",\"contentUrl\":\"https:\\\/\\\/www.protsport.com\\\/wp-content\\\/uploads\\\/2025\\\/06\\\/cropped-Logo-PS-1.gif\",\"width\":357,\"height\":87,\"caption\":\"ProtSport\"},\"image\":{\"@id\":\"https:\\\/\\\/www.protsport.com\\\/#\\\/schema\\\/logo\\\/image\\\/\"}}]}<\/script>\r\n<!-- \/ Yoast SEO plugin. -->","yoast_head_json":{"title":"Prote\u00e7\u00e3o de Campo Padel PRO - ProtSport","description":"Prote\u00e7\u00e3o de Campo Padel PRO - Descubre las mejores protecciones para pistas de p\u00e1del.","robots":{"index":"index","follow":"follow","max-snippet":"max-snippet:-1","max-image-preview":"max-image-preview:large","max-video-preview":"max-video-preview:-1"},"canonical":"https:\/\/www.protsport.com\/pt-pt\/produtos\/protecoes-da-campo-de-padel\/protecao-de-campo-padel-pro\/","og_locale":"pt_PT","og_type":"article","og_title":"Prote\u00e7\u00e3o de Campo Padel PRO - ProtSport","og_description":"Prote\u00e7\u00e3o de Campo Padel PRO - Descubre las mejores protecciones para pistas de p\u00e1del.","og_url":"https:\/\/www.protsport.com\/pt-pt\/produtos\/protecoes-da-campo-de-padel\/protecao-de-campo-padel-pro\/","og_site_name":"ProtSport","article_modified_time":"2023-03-15T11:18:44+00:00","og_image":[{"url":"https:\/\/www.protsport.com\/wp-content\/uploads\/2023\/03\/PRO250x776.jpg","type":"","width":"","height":""}],"twitter_card":"summary_large_image","twitter_misc":{"Tempo estimado de leitura":"1 minuto"},"schema":{"@context":"https:\/\/schema.org","@graph":[{"@type":"WebPage","@id":"https:\/\/www.protsport.com\/pt-pt\/produtos\/protecoes-da-campo-de-padel\/protecao-de-campo-padel-pro\/","url":"https:\/\/www.protsport.com\/pt-pt\/produtos\/protecoes-da-campo-de-padel\/protecao-de-campo-padel-pro\/","name":"Prote\u00e7\u00e3o de Campo Padel PRO - ProtSport","isPartOf":{"@id":"https:\/\/www.protsport.com\/#website"},"primaryImageOfPage":{"@id":"https:\/\/www.protsport.com\/pt-pt\/produtos\/protecoes-da-campo-de-padel\/protecao-de-campo-padel-pro\/#primaryimage"},"image":{"@id":"https:\/\/www.protsport.com\/pt-pt\/produtos\/protecoes-da-campo-de-padel\/protecao-de-campo-padel-pro\/#primaryimage"},"thumbnailUrl":"https:\/\/www.protsport.com\/wp-content\/uploads\/2023\/03\/PRO250x776.jpg","datePublished":"2023-02-21T07:35:56+00:00","dateModified":"2023-03-15T11:18:44+00:00","description":"Prote\u00e7\u00e3o de Campo Padel PRO - Descubre las mejores protecciones para pistas de p\u00e1del.","breadcrumb":{"@id":"https:\/\/www.protsport.com\/pt-pt\/produtos\/protecoes-da-campo-de-padel\/protecao-de-campo-padel-pro\/#breadcrumb"},"inLanguage":"pt-PT","potentialAction":[{"@type":"ReadAction","target":["https:\/\/www.protsport.com\/pt-pt\/produtos\/protecoes-da-campo-de-padel\/protecao-de-campo-padel-pro\/"]}]},{"@type":"ImageObject","inLanguage":"pt-PT","@id":"https:\/\/www.protsport.com\/pt-pt\/produtos\/protecoes-da-campo-de-padel\/protecao-de-campo-padel-pro\/#primaryimage","url":"https:\/\/www.protsport.com\/wp-content\/uploads\/2023\/03\/PRO250x776.jpg","contentUrl":"https:\/\/www.protsport.com\/wp-content\/uploads\/2023\/03\/PRO250x776.jpg"},{"@type":"BreadcrumbList","@id":"https:\/\/www.protsport.com\/pt-pt\/produtos\/protecoes-da-campo-de-padel\/protecao-de-campo-padel-pro\/#breadcrumb","itemListElement":[{"@type":"ListItem","position":1,"name":"Portada","item":"https:\/\/www.protsport.com\/pt-pt\/"},{"@type":"ListItem","position":2,"name":"Produtos","item":"https:\/\/www.protsport.com\/pt-pt\/produtos\/"},{"@type":"ListItem","position":3,"name":"Prote\u00e7\u00f5es da campo de padel","item":"https:\/\/www.protsport.com\/pt-pt\/produtos\/protecoes-da-campo-de-padel\/"},{"@type":"ListItem","position":4,"name":"Prote\u00e7\u00e3o de Campo Padel PRO"}]},{"@type":"WebSite","@id":"https:\/\/www.protsport.com\/#website","url":"https:\/\/www.protsport.com\/","name":"ProtSport","description":"Protecciones para pista de padel serguras y de Calidad","publisher":{"@id":"https:\/\/www.protsport.com\/#organization"},"potentialAction":[{"@type":"SearchAction","target":{"@type":"EntryPoint","urlTemplate":"https:\/\/www.protsport.com\/?s={search_term_string}"},"query-input":{"@type":"PropertyValueSpecification","valueRequired":true,"valueName":"search_term_string"}}],"inLanguage":"pt-PT"},{"@type":"Organization","@id":"https:\/\/www.protsport.com\/#organization","name":"ProtSport","url":"https:\/\/www.protsport.com\/","logo":{"@type":"ImageObject","inLanguage":"pt-PT","@id":"https:\/\/www.protsport.com\/#\/schema\/logo\/image\/","url":"https:\/\/www.protsport.com\/wp-content\/uploads\/2025\/06\/cropped-Logo-PS-1.gif","contentUrl":"https:\/\/www.protsport.com\/wp-content\/uploads\/2025\/06\/cropped-Logo-PS-1.gif","width":357,"height":87,"caption":"ProtSport"},"image":{"@id":"https:\/\/www.protsport.com\/#\/schema\/logo\/image\/"}}]}},"_links":{"self":[{"href":"https:\/\/www.protsport.com\/pt-pt\/wp-json\/wp\/v2\/pages\/2817","targetHints":{"allow":["GET"]}}],"collection":[{"href":"https:\/\/www.protsport.com\/pt-pt\/wp-json\/wp\/v2\/pages"}],"about":[{"href":"https:\/\/www.protsport.com\/pt-pt\/wp-json\/wp\/v2\/types\/page"}],"author":[{"embeddable":true,"href":"https:\/\/www.protsport.com\/pt-pt\/wp-json\/wp\/v2\/users\/1"}],"replies":[{"embeddable":true,"href":"https:\/\/www.protsport.com\/pt-pt\/wp-json\/wp\/v2\/comments?post=2817"}],"version-history":[{"count":0,"href":"https:\/\/www.protsport.com\/pt-pt\/wp-json\/wp\/v2\/pages\/2817\/revisions"}],"up":[{"embeddable":true,"href":"https:\/\/www.protsport.com\/pt-pt\/wp-json\/wp\/v2\/pages\/2824"}],"wp:attachment":[{"href":"https:\/\/www.protsport.com\/pt-pt\/wp-json\/wp\/v2\/media?parent=2817"}],"curies":[{"name":"wp","href":"https:\/\/api.w.org\/{rel}","templated":true}]}}