{"id":2815,"date":"2023-02-21T16:38:04","date_gmt":"2023-02-21T15:38:04","guid":{"rendered":"https:\/\/www.protsport.com\/produtos\/protecoes-de-ski\/"},"modified":"2023-03-15T11:17:44","modified_gmt":"2023-03-15T10:17:44","slug":"protecoes-de-ski","status":"publish","type":"page","link":"https:\/\/www.protsport.com\/pt-pt\/produtos\/protecoes-de-ski\/","title":{"rendered":"Prote\u00e7\u00f5es de Ski"},"content":{"rendered":"\t\t<div data-elementor-type=\"wp-page\" data-elementor-id=\"2815\" class=\"elementor elementor-2815 elementor-1355\">\n\t\t\t\t\t\t<section class=\"elementor-section elementor-top-section elementor-element elementor-element-2e03ad2 elementor-section-boxed elementor-section-height-default elementor-section-height-default\" data-id=\"2e03ad2\" data-element_type=\"section\" data-e-type=\"section\">\n\t\t\t\t\t\t<div class=\"elementor-container elementor-column-gap-default\">\n\t\t\t\t\t<div class=\"elementor-column elementor-col-100 elementor-top-column elementor-element elementor-element-289989a\" data-id=\"289989a\" data-element_type=\"column\" data-e-type=\"column\">\n\t\t\t<div class=\"elementor-widget-wrap elementor-element-populated\">\n\t\t\t\t\t\t<div class=\"elementor-element elementor-element-5850d36 elementor-widget elementor-widget-spacer\" data-id=\"5850d36\" data-element_type=\"widget\" data-e-type=\"widget\" data-widget_type=\"spacer.default\">\n\t\t\t\t<div class=\"elementor-widget-container\">\n\t\t\t\t\t\t\t<div class=\"elementor-spacer\">\n\t\t\t<div class=\"elementor-spacer-inner\"><\/div>\n\t\t<\/div>\n\t\t\t\t\t\t<\/div>\n\t\t\t\t<\/div>\n\t\t\t\t\t<\/div>\n\t\t<\/div>\n\t\t\t\t\t<\/div>\n\t\t<\/section>\n\t\t\t\t<section class=\"elementor-section elementor-top-section elementor-element elementor-element-5bb259f elementor-section-boxed elementor-section-height-default elementor-section-height-default\" data-id=\"5bb259f\" data-element_type=\"section\" data-e-type=\"section\">\n\t\t\t\t\t\t<div class=\"elementor-container elementor-column-gap-default\">\n\t\t\t\t\t<div class=\"elementor-column elementor-col-50 elementor-top-column elementor-element elementor-element-f55234c\" data-id=\"f55234c\" data-element_type=\"column\" data-e-type=\"column\">\n\t\t\t<div class=\"elementor-widget-wrap elementor-element-populated\">\n\t\t\t\t\t\t<div class=\"elementor-element elementor-element-3d17385 elementor-widget elementor-widget-text-editor\" data-id=\"3d17385\" data-element_type=\"widget\" data-e-type=\"widget\" data-widget_type=\"text-editor.default\">\n\t\t\t\t<div class=\"elementor-widget-container\">\n\t\t\t\t\t\t\t\t\t<p>Temos a prote\u00e7\u00e3o de que necessita para as suas <strong><span style=\"color: #e57c2b;\">pistas de ski.<\/span><\/strong> Somos fabricantes e podemos fazer a prote\u00e7\u00e3o especial para as suas <strong><span style=\"color: #e57c2b;\">pistas de ski.<\/span><\/strong><\/p>\n<p>Temos uma grande variedade de espumas com diferentes densidades, adapt\u00e1veis \u00e0s suas necessidades.<\/p>\n<p>Com tratamento de alcalinidade (sol e chuva).<\/p>\n<p>Produto fabricado com certificado ISO 9001.<\/p>\n\t\t\t\t\t\t\t\t<\/div>\n\t\t\t\t<\/div>\n\t\t\t\t<div class=\"elementor-element elementor-element-99a65a4 elementor-widget elementor-widget-image\" data-id=\"99a65a4\" data-element_type=\"widget\" data-e-type=\"widget\" data-widget_type=\"image.default\">\n\t\t\t\t<div class=\"elementor-widget-container\">\n\t\t\t\t\t\t\t\t\t\t\t\t\t\t\t<img fetchpriority=\"high\" decoding=\"async\" width=\"476\" height=\"331\" src=\"https:\/\/www.protsport.com\/wp-content\/uploads\/2023\/03\/Ski1.jpg\" class=\"attachment-large size-large wp-image-2339\" alt=\"\" srcset=\"https:\/\/www.protsport.com\/wp-content\/uploads\/2023\/03\/Ski1.jpg 476w, https:\/\/www.protsport.com\/wp-content\/uploads\/2023\/03\/Ski1-300x209.jpg 300w\" sizes=\"(max-width: 476px) 100vw, 476px\" \/>\t\t\t\t\t\t\t\t\t\t\t\t\t\t\t<\/div>\n\t\t\t\t<\/div>\n\t\t\t\t\t<\/div>\n\t\t<\/div>\n\t\t\t\t<div class=\"elementor-column elementor-col-50 elementor-top-column elementor-element elementor-element-2629b81\" data-id=\"2629b81\" data-element_type=\"column\" data-e-type=\"column\">\n\t\t\t<div class=\"elementor-widget-wrap elementor-element-populated\">\n\t\t\t\t\t\t<div class=\"elementor-element elementor-element-5b0673c elementor-widget elementor-widget-image\" data-id=\"5b0673c\" data-element_type=\"widget\" data-e-type=\"widget\" data-widget_type=\"image.default\">\n\t\t\t\t<div class=\"elementor-widget-container\">\n\t\t\t\t\t\t\t\t\t\t\t\t\t\t\t<img decoding=\"async\" width=\"624\" height=\"624\" src=\"https:\/\/www.protsport.com\/wp-content\/uploads\/2023\/03\/Ski2.jpg\" class=\"attachment-medium_large size-medium_large wp-image-2344\" alt=\"\" srcset=\"https:\/\/www.protsport.com\/wp-content\/uploads\/2023\/03\/Ski2.jpg 624w, https:\/\/www.protsport.com\/wp-content\/uploads\/2023\/03\/Ski2-300x300.jpg 300w, https:\/\/www.protsport.com\/wp-content\/uploads\/2023\/03\/Ski2-150x150.jpg 150w, https:\/\/www.protsport.com\/wp-content\/uploads\/2023\/03\/Ski2-600x600.jpg 600w\" sizes=\"(max-width: 624px) 100vw, 624px\" \/>\t\t\t\t\t\t\t\t\t\t\t\t\t\t\t<\/div>\n\t\t\t\t<\/div>\n\t\t\t\t\t<\/div>\n\t\t<\/div>\n\t\t\t\t\t<\/div>\n\t\t<\/section>\n\t\t\t\t<section class=\"elementor-section elementor-top-section elementor-element elementor-element-68f6347 elementor-section-boxed elementor-section-height-default elementor-section-height-default\" data-id=\"68f6347\" data-element_type=\"section\" data-e-type=\"section\">\n\t\t\t\t\t\t<div class=\"elementor-container elementor-column-gap-default\">\n\t\t\t\t\t<div class=\"elementor-column elementor-col-100 elementor-top-column elementor-element elementor-element-d13ff95\" data-id=\"d13ff95\" data-element_type=\"column\" data-e-type=\"column\">\n\t\t\t<div class=\"elementor-widget-wrap elementor-element-populated\">\n\t\t\t\t\t\t<div class=\"elementor-element elementor-element-ebc79d2 elementor-widget elementor-widget-spacer\" data-id=\"ebc79d2\" data-element_type=\"widget\" data-e-type=\"widget\" data-widget_type=\"spacer.default\">\n\t\t\t\t<div class=\"elementor-widget-container\">\n\t\t\t\t\t\t\t<div class=\"elementor-spacer\">\n\t\t\t<div class=\"elementor-spacer-inner\"><\/div>\n\t\t<\/div>\n\t\t\t\t\t\t<\/div>\n\t\t\t\t<\/div>\n\t\t\t\t\t<\/div>\n\t\t<\/div>\n\t\t\t\t\t<\/div>\n\t\t<\/section>\n\t\t\t\t<\/div>\n\t\t","protected":false},"excerpt":{"rendered":"<p>Temos a prote\u00e7\u00e3o de que necessita para as suas pistas de ski. Somos fabricantes e podemos fazer a prote\u00e7\u00e3o especial para as suas pistas de ski. Temos uma grande variedade de espumas com diferentes densidades, adapt\u00e1veis \u00e0s suas necessidades. Com tratamento de alcalinidade (sol e chuva). Produto fabricado com certificado ISO 9001.<\/p>\n","protected":false},"author":1,"featured_media":0,"parent":2796,"menu_order":0,"comment_status":"closed","ping_status":"closed","template":"","meta":{"footnotes":""},"class_list":["post-2815","page","type-page","status-publish","hentry"],"yoast_head":"<!-- This site is optimized with the Yoast SEO plugin v27.3 - https:\/\/yoast.com\/product\/yoast-seo-wordpress\/ -->\r\n<title>Prote\u00e7\u00f5es de Ski - ProtSport<\/title>\r\n<meta name=\"description\" content=\"Prote\u00e7\u00f5es de Ski - Descubre las mejores protecciones para pistas de p\u00e1del.\" \/>\r\n<meta name=\"robots\" content=\"index, follow, max-snippet:-1, max-image-preview:large, max-video-preview:-1\" \/>\r\n<link rel=\"canonical\" href=\"https:\/\/www.protsport.com\/pt-pt\/produtos\/protecoes-de-ski\/\" \/>\r\n<meta property=\"og:locale\" content=\"pt_PT\" \/>\r\n<meta property=\"og:type\" content=\"article\" \/>\r\n<meta property=\"og:title\" content=\"Prote\u00e7\u00f5es de Ski - ProtSport\" \/>\r\n<meta property=\"og:description\" content=\"Prote\u00e7\u00f5es de Ski - Descubre las mejores protecciones para pistas de p\u00e1del.\" \/>\r\n<meta property=\"og:url\" content=\"https:\/\/www.protsport.com\/pt-pt\/produtos\/protecoes-de-ski\/\" \/>\r\n<meta property=\"og:site_name\" content=\"ProtSport\" \/>\r\n<meta property=\"article:modified_time\" content=\"2023-03-15T10:17:44+00:00\" \/>\r\n<meta property=\"og:image\" content=\"https:\/\/www.protsport.com\/wp-content\/uploads\/2023\/03\/Ski1.jpg\" \/>\r\n<meta name=\"twitter:card\" content=\"summary_large_image\" \/>\r\n<script type=\"application\/ld+json\" class=\"yoast-schema-graph\">{\"@context\":\"https:\\\/\\\/schema.org\",\"@graph\":[{\"@type\":\"WebPage\",\"@id\":\"https:\\\/\\\/www.protsport.com\\\/pt-pt\\\/produtos\\\/protecoes-de-ski\\\/\",\"url\":\"https:\\\/\\\/www.protsport.com\\\/pt-pt\\\/produtos\\\/protecoes-de-ski\\\/\",\"name\":\"Prote\u00e7\u00f5es de Ski - ProtSport\",\"isPartOf\":{\"@id\":\"https:\\\/\\\/www.protsport.com\\\/#website\"},\"primaryImageOfPage\":{\"@id\":\"https:\\\/\\\/www.protsport.com\\\/pt-pt\\\/produtos\\\/protecoes-de-ski\\\/#primaryimage\"},\"image\":{\"@id\":\"https:\\\/\\\/www.protsport.com\\\/pt-pt\\\/produtos\\\/protecoes-de-ski\\\/#primaryimage\"},\"thumbnailUrl\":\"https:\\\/\\\/www.protsport.com\\\/wp-content\\\/uploads\\\/2023\\\/03\\\/Ski1.jpg\",\"datePublished\":\"2023-02-21T15:38:04+00:00\",\"dateModified\":\"2023-03-15T10:17:44+00:00\",\"description\":\"Prote\u00e7\u00f5es de Ski - Descubre las mejores protecciones para pistas de p\u00e1del.\",\"breadcrumb\":{\"@id\":\"https:\\\/\\\/www.protsport.com\\\/pt-pt\\\/produtos\\\/protecoes-de-ski\\\/#breadcrumb\"},\"inLanguage\":\"pt-PT\",\"potentialAction\":[{\"@type\":\"ReadAction\",\"target\":[\"https:\\\/\\\/www.protsport.com\\\/pt-pt\\\/produtos\\\/protecoes-de-ski\\\/\"]}]},{\"@type\":\"ImageObject\",\"inLanguage\":\"pt-PT\",\"@id\":\"https:\\\/\\\/www.protsport.com\\\/pt-pt\\\/produtos\\\/protecoes-de-ski\\\/#primaryimage\",\"url\":\"https:\\\/\\\/www.protsport.com\\\/wp-content\\\/uploads\\\/2023\\\/03\\\/Ski1.jpg\",\"contentUrl\":\"https:\\\/\\\/www.protsport.com\\\/wp-content\\\/uploads\\\/2023\\\/03\\\/Ski1.jpg\"},{\"@type\":\"BreadcrumbList\",\"@id\":\"https:\\\/\\\/www.protsport.com\\\/pt-pt\\\/produtos\\\/protecoes-de-ski\\\/#breadcrumb\",\"itemListElement\":[{\"@type\":\"ListItem\",\"position\":1,\"name\":\"Portada\",\"item\":\"https:\\\/\\\/www.protsport.com\\\/pt-pt\\\/\"},{\"@type\":\"ListItem\",\"position\":2,\"name\":\"Produtos\",\"item\":\"https:\\\/\\\/www.protsport.com\\\/pt-pt\\\/produtos\\\/\"},{\"@type\":\"ListItem\",\"position\":3,\"name\":\"Prote\u00e7\u00f5es de Ski\"}]},{\"@type\":\"WebSite\",\"@id\":\"https:\\\/\\\/www.protsport.com\\\/#website\",\"url\":\"https:\\\/\\\/www.protsport.com\\\/\",\"name\":\"ProtSport\",\"description\":\"Protecciones para pista de padel serguras y de Calidad\",\"publisher\":{\"@id\":\"https:\\\/\\\/www.protsport.com\\\/#organization\"},\"potentialAction\":[{\"@type\":\"SearchAction\",\"target\":{\"@type\":\"EntryPoint\",\"urlTemplate\":\"https:\\\/\\\/www.protsport.com\\\/?s={search_term_string}\"},\"query-input\":{\"@type\":\"PropertyValueSpecification\",\"valueRequired\":true,\"valueName\":\"search_term_string\"}}],\"inLanguage\":\"pt-PT\"},{\"@type\":\"Organization\",\"@id\":\"https:\\\/\\\/www.protsport.com\\\/#organization\",\"name\":\"ProtSport\",\"url\":\"https:\\\/\\\/www.protsport.com\\\/\",\"logo\":{\"@type\":\"ImageObject\",\"inLanguage\":\"pt-PT\",\"@id\":\"https:\\\/\\\/www.protsport.com\\\/#\\\/schema\\\/logo\\\/image\\\/\",\"url\":\"https:\\\/\\\/www.protsport.com\\\/wp-content\\\/uploads\\\/2025\\\/06\\\/cropped-Logo-PS-1.gif\",\"contentUrl\":\"https:\\\/\\\/www.protsport.com\\\/wp-content\\\/uploads\\\/2025\\\/06\\\/cropped-Logo-PS-1.gif\",\"width\":357,\"height\":87,\"caption\":\"ProtSport\"},\"image\":{\"@id\":\"https:\\\/\\\/www.protsport.com\\\/#\\\/schema\\\/logo\\\/image\\\/\"}}]}<\/script>\r\n<!-- \/ Yoast SEO plugin. -->","yoast_head_json":{"title":"Prote\u00e7\u00f5es de Ski - ProtSport","description":"Prote\u00e7\u00f5es de Ski - Descubre las mejores protecciones para pistas de p\u00e1del.","robots":{"index":"index","follow":"follow","max-snippet":"max-snippet:-1","max-image-preview":"max-image-preview:large","max-video-preview":"max-video-preview:-1"},"canonical":"https:\/\/www.protsport.com\/pt-pt\/produtos\/protecoes-de-ski\/","og_locale":"pt_PT","og_type":"article","og_title":"Prote\u00e7\u00f5es de Ski - ProtSport","og_description":"Prote\u00e7\u00f5es de Ski - Descubre las mejores protecciones para pistas de p\u00e1del.","og_url":"https:\/\/www.protsport.com\/pt-pt\/produtos\/protecoes-de-ski\/","og_site_name":"ProtSport","article_modified_time":"2023-03-15T10:17:44+00:00","og_image":[{"url":"https:\/\/www.protsport.com\/wp-content\/uploads\/2023\/03\/Ski1.jpg","type":"","width":"","height":""}],"twitter_card":"summary_large_image","schema":{"@context":"https:\/\/schema.org","@graph":[{"@type":"WebPage","@id":"https:\/\/www.protsport.com\/pt-pt\/produtos\/protecoes-de-ski\/","url":"https:\/\/www.protsport.com\/pt-pt\/produtos\/protecoes-de-ski\/","name":"Prote\u00e7\u00f5es de Ski - ProtSport","isPartOf":{"@id":"https:\/\/www.protsport.com\/#website"},"primaryImageOfPage":{"@id":"https:\/\/www.protsport.com\/pt-pt\/produtos\/protecoes-de-ski\/#primaryimage"},"image":{"@id":"https:\/\/www.protsport.com\/pt-pt\/produtos\/protecoes-de-ski\/#primaryimage"},"thumbnailUrl":"https:\/\/www.protsport.com\/wp-content\/uploads\/2023\/03\/Ski1.jpg","datePublished":"2023-02-21T15:38:04+00:00","dateModified":"2023-03-15T10:17:44+00:00","description":"Prote\u00e7\u00f5es de Ski - Descubre las mejores protecciones para pistas de p\u00e1del.","breadcrumb":{"@id":"https:\/\/www.protsport.com\/pt-pt\/produtos\/protecoes-de-ski\/#breadcrumb"},"inLanguage":"pt-PT","potentialAction":[{"@type":"ReadAction","target":["https:\/\/www.protsport.com\/pt-pt\/produtos\/protecoes-de-ski\/"]}]},{"@type":"ImageObject","inLanguage":"pt-PT","@id":"https:\/\/www.protsport.com\/pt-pt\/produtos\/protecoes-de-ski\/#primaryimage","url":"https:\/\/www.protsport.com\/wp-content\/uploads\/2023\/03\/Ski1.jpg","contentUrl":"https:\/\/www.protsport.com\/wp-content\/uploads\/2023\/03\/Ski1.jpg"},{"@type":"BreadcrumbList","@id":"https:\/\/www.protsport.com\/pt-pt\/produtos\/protecoes-de-ski\/#breadcrumb","itemListElement":[{"@type":"ListItem","position":1,"name":"Portada","item":"https:\/\/www.protsport.com\/pt-pt\/"},{"@type":"ListItem","position":2,"name":"Produtos","item":"https:\/\/www.protsport.com\/pt-pt\/produtos\/"},{"@type":"ListItem","position":3,"name":"Prote\u00e7\u00f5es de Ski"}]},{"@type":"WebSite","@id":"https:\/\/www.protsport.com\/#website","url":"https:\/\/www.protsport.com\/","name":"ProtSport","description":"Protecciones para pista de padel serguras y de Calidad","publisher":{"@id":"https:\/\/www.protsport.com\/#organization"},"potentialAction":[{"@type":"SearchAction","target":{"@type":"EntryPoint","urlTemplate":"https:\/\/www.protsport.com\/?s={search_term_string}"},"query-input":{"@type":"PropertyValueSpecification","valueRequired":true,"valueName":"search_term_string"}}],"inLanguage":"pt-PT"},{"@type":"Organization","@id":"https:\/\/www.protsport.com\/#organization","name":"ProtSport","url":"https:\/\/www.protsport.com\/","logo":{"@type":"ImageObject","inLanguage":"pt-PT","@id":"https:\/\/www.protsport.com\/#\/schema\/logo\/image\/","url":"https:\/\/www.protsport.com\/wp-content\/uploads\/2025\/06\/cropped-Logo-PS-1.gif","contentUrl":"https:\/\/www.protsport.com\/wp-content\/uploads\/2025\/06\/cropped-Logo-PS-1.gif","width":357,"height":87,"caption":"ProtSport"},"image":{"@id":"https:\/\/www.protsport.com\/#\/schema\/logo\/image\/"}}]}},"_links":{"self":[{"href":"https:\/\/www.protsport.com\/pt-pt\/wp-json\/wp\/v2\/pages\/2815","targetHints":{"allow":["GET"]}}],"collection":[{"href":"https:\/\/www.protsport.com\/pt-pt\/wp-json\/wp\/v2\/pages"}],"about":[{"href":"https:\/\/www.protsport.com\/pt-pt\/wp-json\/wp\/v2\/types\/page"}],"author":[{"embeddable":true,"href":"https:\/\/www.protsport.com\/pt-pt\/wp-json\/wp\/v2\/users\/1"}],"replies":[{"embeddable":true,"href":"https:\/\/www.protsport.com\/pt-pt\/wp-json\/wp\/v2\/comments?post=2815"}],"version-history":[{"count":0,"href":"https:\/\/www.protsport.com\/pt-pt\/wp-json\/wp\/v2\/pages\/2815\/revisions"}],"up":[{"embeddable":true,"href":"https:\/\/www.protsport.com\/pt-pt\/wp-json\/wp\/v2\/pages\/2796"}],"wp:attachment":[{"href":"https:\/\/www.protsport.com\/pt-pt\/wp-json\/wp\/v2\/media?parent=2815"}],"curies":[{"name":"wp","href":"https:\/\/api.w.org\/{rel}","templated":true}]}}