{"id":2786,"date":"2023-01-17T08:15:45","date_gmt":"2023-01-17T07:15:45","guid":{"rendered":"https:\/\/www.protsport.com\/quem-somos\/"},"modified":"2023-03-15T09:19:32","modified_gmt":"2023-03-15T08:19:32","slug":"quem-somos","status":"publish","type":"page","link":"https:\/\/www.protsport.com\/pt-pt\/quem-somos\/","title":{"rendered":"Quem somos"},"content":{"rendered":"\t\t<div data-elementor-type=\"wp-page\" data-elementor-id=\"2786\" class=\"elementor elementor-2786 elementor-34\">\n\t\t\t\t\t\t<section class=\"elementor-section elementor-top-section elementor-element elementor-element-b7629b1 elementor-section-full_width elementor-section-height-default elementor-section-height-default\" data-id=\"b7629b1\" data-element_type=\"section\" data-e-type=\"section\">\n\t\t\t\t\t\t<div class=\"elementor-container elementor-column-gap-no\">\n\t\t\t\t\t<div class=\"elementor-column elementor-col-100 elementor-top-column elementor-element elementor-element-00fe37b\" data-id=\"00fe37b\" data-element_type=\"column\" data-e-type=\"column\">\n\t\t\t<div class=\"elementor-widget-wrap elementor-element-populated\">\n\t\t\t\t\t\t<div class=\"elementor-element elementor-element-de9f918 elementor-widget elementor-widget-about-us\" data-id=\"de9f918\" data-element_type=\"widget\" data-e-type=\"widget\" data-widget_type=\"about-us.default\">\n\t\t\t\t<div class=\"elementor-widget-container\">\n\t\t\t\t\t\r\n        <!-- About Button Link -->\r\n                \r\n        \r\n            \r\n                <!-- START ABOUT AREA -->\r\n                <section class=\"about-area ptb-40\">\r\n                    <div class=\"container-block-fluid\">\r\n                        <div class=\"row\">\r\n                            <div data-aos=\"fade-up\" data-aos-duration=\"1200\" class=\"full-col col-lg-6\">\r\n                                <div class=\"about-content\">\r\n                                    <span class=\"top-title\">Bem-vindo \u00e0 ProtSport<\/span>\r\n                                    <h2>Seguran\u00e7a no jogo<\/h2>\r\n                                    <p><p><h4>PROTSPORT \u00c9 UMA EMPRESA ESPECIALIZADA EM SEGURAN\u00c7A DESPORTIVA.<\/h4><p>\n<p>\nA ProtSport nasceu com a necessidade de proteger as entradas e sa\u00eddas dos campos de Padel, uma vez que, o desporto de Padel est\u00e1 a tornar-se cada vez mais profissional.\n<\/p><p>\nH\u00e1 v\u00e1rios anos que prestamos servi\u00e7os e adaptamos as prote\u00e7\u00f5es a todos os requisitos que nos s\u00e3o apresentados para os campos. Como somos fabricantes, podemos fazer as prote\u00e7\u00f5es solicitadas pelo cliente para todos os desportos, utilizando materiais de alta qualidade e com um bom acabamento.\n<\/p><p>\nAs nossas prote\u00e7\u00f5es para campos de padel t\u00eam duas fun\u00e7\u00f5es, a primeira e mais fundamental \u00e9 proteger o jogador, e a segunda \u00e9 que a prote\u00e7\u00e3o \u00e9 uma fonte de rendimento para o clube, sendo concebida para poder colocar e remover a tela \/ papel com patrocinadores publicit\u00e1rios e, mais importante ainda, manter sempre a mesma prote\u00e7\u00e3o sem mais investimentos.<\/p>\n\n<p>N\u00f3s podemos proteger:\n\n<ul class=\"list clearfix\">\n<li><i class=\"bx bx-diamond\"><\/i>Campos de padel<\/li>\n<li><i class=\"bx bx-diamond\"><\/i>Campos de Tenis<\/li>\n<li><i class=\"bx bx-diamond\"><\/i>Campos de b\u00e1asquet<\/li>\n<li><i class=\"bx bx-diamond\"><\/i>Pistas de esqui<\/li>\n<li><i class=\"bx bx-diamond\"><\/i>......diga-nos as suas necessidades, n\u00f3s fabricamos \u00e0 medida....<\/li>\n<\/ul>\n<\/p>\n<p>Temos todos os tipos de espumas, densidades, lonas, cores, etc...<\/p><\/p>\r\n                                   \r\n                                    <!-- Button Part Start --> \r\n                                                                        <!-- Button Part End -->\r\n\r\n                                <\/div>\r\n                            <\/div>\r\n\r\n                            <div data-aos=\"fade-up\" data-aos-duration=\"1600\" class=\"full-col col-lg-6\">\r\n                                <div class=\"about-img\" style=\"background-image: url(https:\/\/www.protsport.com\/wp-content\/uploads\/2023\/02\/Espumas3.jpg)\">\r\n                                                                    <\/div>\r\n                            <\/div>\r\n                        <\/div>\r\n                    <\/div>\r\n                <\/section>\r\n                <!-- END ABOUT AREA -->\r\n\r\n            \r\n                \r\n        \r\n        \r\n        \t\t\t\t<\/div>\n\t\t\t\t<\/div>\n\t\t\t\t\t<\/div>\n\t\t<\/div>\n\t\t\t\t\t<\/div>\n\t\t<\/section>\n\t\t\t\t<\/div>\n\t\t","protected":false},"excerpt":{"rendered":"<p>Bem-vindo \u00e0 ProtSport Seguran\u00e7a no jogo PROTSPORT \u00c9 UMA EMPRESA ESPECIALIZADA EM SEGURAN\u00c7A DESPORTIVA. A ProtSport nasceu com a necessidade de proteger as entradas e sa\u00eddas dos campos de Padel, uma vez que, o desporto de Padel est\u00e1 a tornar-se cada vez mais profissional. H\u00e1 v\u00e1rios anos que prestamos servi\u00e7os e adaptamos as prote\u00e7\u00f5es a [&hellip;]<\/p>\n","protected":false},"author":1,"featured_media":0,"parent":0,"menu_order":0,"comment_status":"closed","ping_status":"closed","template":"","meta":{"footnotes":""},"class_list":["post-2786","page","type-page","status-publish","hentry"],"yoast_head":"<!-- This site is optimized with the Yoast SEO plugin v27.3 - https:\/\/yoast.com\/product\/yoast-seo-wordpress\/ -->\r\n<title>Quem somos - ProtSport<\/title>\r\n<meta name=\"description\" content=\"Quem somos - Descubre las mejores protecciones para pistas de p\u00e1del.\" \/>\r\n<meta name=\"robots\" content=\"index, follow, max-snippet:-1, max-image-preview:large, max-video-preview:-1\" \/>\r\n<link rel=\"canonical\" href=\"https:\/\/www.protsport.com\/pt-pt\/quem-somos\/\" \/>\r\n<meta property=\"og:locale\" content=\"pt_PT\" \/>\r\n<meta property=\"og:type\" content=\"article\" \/>\r\n<meta property=\"og:title\" content=\"Quem somos - ProtSport\" \/>\r\n<meta property=\"og:description\" content=\"Quem somos - Descubre las mejores protecciones para pistas de p\u00e1del.\" \/>\r\n<meta property=\"og:url\" content=\"https:\/\/www.protsport.com\/pt-pt\/quem-somos\/\" \/>\r\n<meta property=\"og:site_name\" content=\"ProtSport\" \/>\r\n<meta property=\"article:modified_time\" content=\"2023-03-15T08:19:32+00:00\" \/>\r\n<meta name=\"twitter:card\" content=\"summary_large_image\" \/>\r\n<meta name=\"twitter:label1\" content=\"Tempo estimado de leitura\" \/>\n\t<meta name=\"twitter:data1\" content=\"1 minuto\" \/>\r\n<script type=\"application\/ld+json\" class=\"yoast-schema-graph\">{\"@context\":\"https:\\\/\\\/schema.org\",\"@graph\":[{\"@type\":\"WebPage\",\"@id\":\"https:\\\/\\\/www.protsport.com\\\/pt-pt\\\/quem-somos\\\/\",\"url\":\"https:\\\/\\\/www.protsport.com\\\/pt-pt\\\/quem-somos\\\/\",\"name\":\"Quem somos - ProtSport\",\"isPartOf\":{\"@id\":\"https:\\\/\\\/www.protsport.com\\\/#website\"},\"datePublished\":\"2023-01-17T07:15:45+00:00\",\"dateModified\":\"2023-03-15T08:19:32+00:00\",\"description\":\"Quem somos - Descubre las mejores protecciones para pistas de p\u00e1del.\",\"breadcrumb\":{\"@id\":\"https:\\\/\\\/www.protsport.com\\\/pt-pt\\\/quem-somos\\\/#breadcrumb\"},\"inLanguage\":\"pt-PT\",\"potentialAction\":[{\"@type\":\"ReadAction\",\"target\":[\"https:\\\/\\\/www.protsport.com\\\/pt-pt\\\/quem-somos\\\/\"]}]},{\"@type\":\"BreadcrumbList\",\"@id\":\"https:\\\/\\\/www.protsport.com\\\/pt-pt\\\/quem-somos\\\/#breadcrumb\",\"itemListElement\":[{\"@type\":\"ListItem\",\"position\":1,\"name\":\"Portada\",\"item\":\"https:\\\/\\\/www.protsport.com\\\/pt-pt\\\/\"},{\"@type\":\"ListItem\",\"position\":2,\"name\":\"Quem somos\"}]},{\"@type\":\"WebSite\",\"@id\":\"https:\\\/\\\/www.protsport.com\\\/#website\",\"url\":\"https:\\\/\\\/www.protsport.com\\\/\",\"name\":\"ProtSport\",\"description\":\"Protecciones para pista de padel serguras y de Calidad\",\"publisher\":{\"@id\":\"https:\\\/\\\/www.protsport.com\\\/#organization\"},\"potentialAction\":[{\"@type\":\"SearchAction\",\"target\":{\"@type\":\"EntryPoint\",\"urlTemplate\":\"https:\\\/\\\/www.protsport.com\\\/?s={search_term_string}\"},\"query-input\":{\"@type\":\"PropertyValueSpecification\",\"valueRequired\":true,\"valueName\":\"search_term_string\"}}],\"inLanguage\":\"pt-PT\"},{\"@type\":\"Organization\",\"@id\":\"https:\\\/\\\/www.protsport.com\\\/#organization\",\"name\":\"ProtSport\",\"url\":\"https:\\\/\\\/www.protsport.com\\\/\",\"logo\":{\"@type\":\"ImageObject\",\"inLanguage\":\"pt-PT\",\"@id\":\"https:\\\/\\\/www.protsport.com\\\/#\\\/schema\\\/logo\\\/image\\\/\",\"url\":\"https:\\\/\\\/www.protsport.com\\\/wp-content\\\/uploads\\\/2025\\\/06\\\/cropped-Logo-PS-1.gif\",\"contentUrl\":\"https:\\\/\\\/www.protsport.com\\\/wp-content\\\/uploads\\\/2025\\\/06\\\/cropped-Logo-PS-1.gif\",\"width\":357,\"height\":87,\"caption\":\"ProtSport\"},\"image\":{\"@id\":\"https:\\\/\\\/www.protsport.com\\\/#\\\/schema\\\/logo\\\/image\\\/\"}}]}<\/script>\r\n<!-- \/ Yoast SEO plugin. -->","yoast_head_json":{"title":"Quem somos - ProtSport","description":"Quem somos - Descubre las mejores protecciones para pistas de p\u00e1del.","robots":{"index":"index","follow":"follow","max-snippet":"max-snippet:-1","max-image-preview":"max-image-preview:large","max-video-preview":"max-video-preview:-1"},"canonical":"https:\/\/www.protsport.com\/pt-pt\/quem-somos\/","og_locale":"pt_PT","og_type":"article","og_title":"Quem somos - ProtSport","og_description":"Quem somos - Descubre las mejores protecciones para pistas de p\u00e1del.","og_url":"https:\/\/www.protsport.com\/pt-pt\/quem-somos\/","og_site_name":"ProtSport","article_modified_time":"2023-03-15T08:19:32+00:00","twitter_card":"summary_large_image","twitter_misc":{"Tempo estimado de leitura":"1 minuto"},"schema":{"@context":"https:\/\/schema.org","@graph":[{"@type":"WebPage","@id":"https:\/\/www.protsport.com\/pt-pt\/quem-somos\/","url":"https:\/\/www.protsport.com\/pt-pt\/quem-somos\/","name":"Quem somos - ProtSport","isPartOf":{"@id":"https:\/\/www.protsport.com\/#website"},"datePublished":"2023-01-17T07:15:45+00:00","dateModified":"2023-03-15T08:19:32+00:00","description":"Quem somos - Descubre las mejores protecciones para pistas de p\u00e1del.","breadcrumb":{"@id":"https:\/\/www.protsport.com\/pt-pt\/quem-somos\/#breadcrumb"},"inLanguage":"pt-PT","potentialAction":[{"@type":"ReadAction","target":["https:\/\/www.protsport.com\/pt-pt\/quem-somos\/"]}]},{"@type":"BreadcrumbList","@id":"https:\/\/www.protsport.com\/pt-pt\/quem-somos\/#breadcrumb","itemListElement":[{"@type":"ListItem","position":1,"name":"Portada","item":"https:\/\/www.protsport.com\/pt-pt\/"},{"@type":"ListItem","position":2,"name":"Quem somos"}]},{"@type":"WebSite","@id":"https:\/\/www.protsport.com\/#website","url":"https:\/\/www.protsport.com\/","name":"ProtSport","description":"Protecciones para pista de padel serguras y de Calidad","publisher":{"@id":"https:\/\/www.protsport.com\/#organization"},"potentialAction":[{"@type":"SearchAction","target":{"@type":"EntryPoint","urlTemplate":"https:\/\/www.protsport.com\/?s={search_term_string}"},"query-input":{"@type":"PropertyValueSpecification","valueRequired":true,"valueName":"search_term_string"}}],"inLanguage":"pt-PT"},{"@type":"Organization","@id":"https:\/\/www.protsport.com\/#organization","name":"ProtSport","url":"https:\/\/www.protsport.com\/","logo":{"@type":"ImageObject","inLanguage":"pt-PT","@id":"https:\/\/www.protsport.com\/#\/schema\/logo\/image\/","url":"https:\/\/www.protsport.com\/wp-content\/uploads\/2025\/06\/cropped-Logo-PS-1.gif","contentUrl":"https:\/\/www.protsport.com\/wp-content\/uploads\/2025\/06\/cropped-Logo-PS-1.gif","width":357,"height":87,"caption":"ProtSport"},"image":{"@id":"https:\/\/www.protsport.com\/#\/schema\/logo\/image\/"}}]}},"_links":{"self":[{"href":"https:\/\/www.protsport.com\/pt-pt\/wp-json\/wp\/v2\/pages\/2786","targetHints":{"allow":["GET"]}}],"collection":[{"href":"https:\/\/www.protsport.com\/pt-pt\/wp-json\/wp\/v2\/pages"}],"about":[{"href":"https:\/\/www.protsport.com\/pt-pt\/wp-json\/wp\/v2\/types\/page"}],"author":[{"embeddable":true,"href":"https:\/\/www.protsport.com\/pt-pt\/wp-json\/wp\/v2\/users\/1"}],"replies":[{"embeddable":true,"href":"https:\/\/www.protsport.com\/pt-pt\/wp-json\/wp\/v2\/comments?post=2786"}],"version-history":[{"count":0,"href":"https:\/\/www.protsport.com\/pt-pt\/wp-json\/wp\/v2\/pages\/2786\/revisions"}],"wp:attachment":[{"href":"https:\/\/www.protsport.com\/pt-pt\/wp-json\/wp\/v2\/media?parent=2786"}],"curies":[{"name":"wp","href":"https:\/\/api.w.org\/{rel}","templated":true}]}}