{"id":2774,"date":"2023-01-17T07:45:32","date_gmt":"2023-01-17T06:45:32","guid":{"rendered":"https:\/\/www.protsport.com\/inicio\/"},"modified":"2023-03-15T13:03:07","modified_gmt":"2023-03-15T12:03:07","slug":"inicio","status":"publish","type":"page","link":"https:\/\/www.protsport.com\/pt-pt\/","title":{"rendered":"Inicio"},"content":{"rendered":"\t\t<div data-elementor-type=\"wp-page\" data-elementor-id=\"2774\" class=\"elementor elementor-2774 elementor-26\">\n\t\t\t\t\t\t<section class=\"elementor-section elementor-top-section elementor-element elementor-element-aef103f elementor-section-full_width elementor-section-height-default elementor-section-height-default\" data-id=\"aef103f\" data-element_type=\"section\" data-e-type=\"section\">\n\t\t\t\t\t\t<div class=\"elementor-container elementor-column-gap-no\">\n\t\t\t\t\t<div class=\"elementor-column elementor-col-100 elementor-top-column elementor-element elementor-element-e6a65ae\" data-id=\"e6a65ae\" data-element_type=\"column\" data-e-type=\"column\">\n\t\t\t<div class=\"elementor-widget-wrap elementor-element-populated\">\n\t\t\t\t\t\t<div class=\"elementor-element elementor-element-4d14e4e elementor-widget elementor-widget-slider\" data-id=\"4d14e4e\" data-element_type=\"widget\" data-e-type=\"widget\" data-settings=\"{&quot;_animation&quot;:&quot;none&quot;}\" data-widget_type=\"slider.default\">\n\t\t\t\t<div class=\"elementor-widget-container\">\n\t\t\t\t\t\n        <!-- START HERO SLIDER AREA -->\n        <section class=\"slider-area style-one text-center\">\n            <div class=\"slider-carousel owl-theme owl-carousel owl-dots-none\">\n                \n                <div class=\"slide-item\">\n                    <div class=\"image-layer\"style=\"background-image: url(https:\/\/www.protsport.com\/wp-content\/uploads\/2023\/03\/Banner1.jpg)\"><\/div>\n                    <div class=\"auto-container\">\n                        <div class=\"slider-content-box\">\n                            <h1>Prote\u00e7\u00f5es para Pistas de Padel<br \/><\/h1>\n                            <p><\/p>\n                            <div class=\"btn-box\">\n                                <!-- Button Part Start --> \n                                                                <!-- Button Part End -->\n                            <\/div>\n                        <\/div>\n                    <\/div>\n                <\/div>\n                \n                <div class=\"slide-item\">\n                    <div class=\"image-layer\"style=\"background-image: url(https:\/\/www.protsport.com\/wp-content\/uploads\/2023\/03\/Banner2.jpg)\"><\/div>\n                    <div class=\"auto-container\">\n                        <div class=\"slider-content-box\">\n                            <h1>Kit completo de prote\u00e7\u00e3o<br \/><\/h1>\n                            <p><\/p>\n                            <div class=\"btn-box\">\n                                <!-- Button Part Start --> \n                                                                <!-- Button Part End -->\n                            <\/div>\n                        <\/div>\n                    <\/div>\n                <\/div>\n                            <\/div>\n        <\/section>\n        <!-- END HERO SLIDER AREA -->\n\n        \t\t\t\t<\/div>\n\t\t\t\t<\/div>\n\t\t\t\t\t<\/div>\n\t\t<\/div>\n\t\t\t\t\t<\/div>\n\t\t<\/section>\n\t\t\t\t<section class=\"elementor-section elementor-top-section elementor-element elementor-element-443e4e3 elementor-section-boxed elementor-section-height-default elementor-section-height-default\" data-id=\"443e4e3\" data-element_type=\"section\" data-e-type=\"section\">\n\t\t\t\t\t\t<div class=\"elementor-container elementor-column-gap-default\">\n\t\t\t\t\t<div class=\"elementor-column elementor-col-100 elementor-top-column elementor-element elementor-element-d1d1c11\" data-id=\"d1d1c11\" data-element_type=\"column\" data-e-type=\"column\">\n\t\t\t<div class=\"elementor-widget-wrap elementor-element-populated\">\n\t\t\t\t\t\t<div class=\"elementor-element elementor-element-fb73826 elementor-widget elementor-widget-text-editor\" data-id=\"fb73826\" data-element_type=\"widget\" data-e-type=\"widget\" data-widget_type=\"text-editor.default\">\n\t\t\t\t<div class=\"elementor-widget-container\">\n\t\t\t\t\t\t\t\t\t<h3>\u00a0<\/h3><h3>Especialistas em prote\u00e7\u00f5es para campos de padel, t\u00e9nis e futebol &#8230;..<\/h3><p>\u00a0<\/p><p>Como jogador de <strong>p\u00e1del<\/strong> a seguran\u00e7a nos campos \u00e9 a nossa prioridade, concebemos <strong>prote\u00e7\u00f5es de campos de padel<\/strong> com as quais podemos estar seguros no campo, al\u00e9m disso, as nossas <strong>prote\u00e7\u00f5es de campos de padel <\/strong> de espuma s\u00e3o feitas com materiais de alta qualidade.<\/p><p>Uma das vantagens dos nossos <strong>protetores de padel <\/strong> \u00e9 um bolso transparente onde se pode colocar a publicidade do patrocinador, bem como correias de velcro e um topo com fecho de correr que torna muito f\u00e1cil e r\u00e1pida a sua remo\u00e7\u00e3o e coloca\u00e7\u00e3o sem custos adicionais em cada opera\u00e7\u00e3o.<\/p><p>Podemos oferecer-lhe as <strong>prote\u00e7\u00f5es de espuma para os campos de padel <\/strong> de que precisa, adaptadas \u00e0s suas necessidades.<\/p><p>Podemos tamb\u00e9m oferecer-lhe solu\u00e7\u00f5es completas para <strong>campos de t\u00e9nis, futebol de sal\u00e3o, ski, campos desportivos escolares, espuma para jogos aqu\u00e1ticos, &#8230;<\/strong><\/p>\t\t\t\t\t\t\t\t<\/div>\n\t\t\t\t<\/div>\n\t\t\t\t\t<\/div>\n\t\t<\/div>\n\t\t\t\t\t<\/div>\n\t\t<\/section>\n\t\t\t\t<section class=\"elementor-section elementor-top-section elementor-element elementor-element-b86f118 elementor-section-boxed elementor-section-height-default elementor-section-height-default\" data-id=\"b86f118\" data-element_type=\"section\" data-e-type=\"section\">\n\t\t\t\t\t\t<div class=\"elementor-container elementor-column-gap-default\">\n\t\t\t\t\t<div class=\"elementor-column elementor-col-100 elementor-top-column elementor-element elementor-element-f4d2d6d\" data-id=\"f4d2d6d\" data-element_type=\"column\" data-e-type=\"column\">\n\t\t\t<div class=\"elementor-widget-wrap elementor-element-populated\">\n\t\t\t\t\t\t<div class=\"elementor-element elementor-element-99b5580 elementor-widget elementor-widget-service\" data-id=\"99b5580\" data-element_type=\"widget\" data-e-type=\"widget\" data-widget_type=\"service.default\">\n\t\t\t\t<div class=\"elementor-widget-container\">\n\t\t\t\t\t\r\n        <!-- Service Column Style -->\r\n                \r\n        <!-- START SERVICES AREA -->\r\n        <section class=\"service-area ptb-20\">\r\n            <div class=\"\"> \r\n                <div data-aos=\"fade-up\" data-aos-duration=\"1200\" class=\"section-title\">\r\n                    <span class=\"top-title\"><\/span>\r\n                    <h2>Produtos<\/h2>\r\n                    <p><\/p>\r\n                <\/div>\r\n                                    <div class=\"service-slider owl-carousel owl-theme\">\r\n                                                                        <\/div>\r\n                \r\n                <!-- Pagination Part Start -->\r\n                                <!-- Pagination Part End -->\r\n\r\n                <!-- Service Button Link -->\r\n                \r\n                <!-- Button Part Start --> \r\n                                <!-- Button Part End --> \r\n\r\n            <\/div>\r\n        <\/div>\r\n        <!-- END SERVICES AREA -->\r\n\r\n    \t\t\t\t<\/div>\n\t\t\t\t<\/div>\n\t\t\t\t\t<\/div>\n\t\t<\/div>\n\t\t\t\t\t<\/div>\n\t\t<\/section>\n\t\t\t\t<section class=\"elementor-section elementor-top-section elementor-element elementor-element-8355685 elementor-section-boxed elementor-section-height-default elementor-section-height-default\" data-id=\"8355685\" data-element_type=\"section\" data-e-type=\"section\">\n\t\t\t\t\t\t<div class=\"elementor-container elementor-column-gap-default\">\n\t\t\t\t\t<div class=\"elementor-column elementor-col-25 elementor-top-column elementor-element elementor-element-e25e1bf\" data-id=\"e25e1bf\" data-element_type=\"column\" data-e-type=\"column\">\n\t\t\t<div class=\"elementor-widget-wrap elementor-element-populated\">\n\t\t\t\t\t\t<div class=\"elementor-element elementor-element-a6a8484 elementor-position-top elementor-widget elementor-widget-image-box\" data-id=\"a6a8484\" data-element_type=\"widget\" data-e-type=\"widget\" data-widget_type=\"image-box.default\">\n\t\t\t\t<div class=\"elementor-widget-container\">\n\t\t\t\t\t<div class=\"elementor-image-box-wrapper\"><figure class=\"elementor-image-box-img\"><a href=\"https:\/\/www.protsport.com\/pt-pt\/produtos\/protecoes-da-campo-de-padel\/protecao-de-campo-padel-pro\/\" tabindex=\"-1\"><img decoding=\"async\" width=\"140\" height=\"180\" src=\"https:\/\/www.protsport.com\/wp-content\/uploads\/2023\/03\/Inicio_PRO.jpg\" class=\"attachment-full size-full wp-image-2256\" alt=\"\" \/><\/a><\/figure><div class=\"elementor-image-box-content\"><h3 class=\"elementor-image-box-title\"><a href=\"https:\/\/www.protsport.com\/pt-pt\/produtos\/protecoes-da-campo-de-padel\/protecao-de-campo-padel-pro\/\">Prote\u00e7\u00f5es de pista  <\/br>Padel PRO<\/a><\/h3><\/div><\/div>\t\t\t\t<\/div>\n\t\t\t\t<\/div>\n\t\t\t\t\t<\/div>\n\t\t<\/div>\n\t\t\t\t<div class=\"elementor-column elementor-col-25 elementor-top-column elementor-element elementor-element-e6cc1da\" data-id=\"e6cc1da\" data-element_type=\"column\" data-e-type=\"column\">\n\t\t\t<div class=\"elementor-widget-wrap elementor-element-populated\">\n\t\t\t\t\t\t<div class=\"elementor-element elementor-element-423a7c5 elementor-position-top elementor-widget elementor-widget-image-box\" data-id=\"423a7c5\" data-element_type=\"widget\" data-e-type=\"widget\" data-widget_type=\"image-box.default\">\n\t\t\t\t<div class=\"elementor-widget-container\">\n\t\t\t\t\t<div class=\"elementor-image-box-wrapper\"><figure class=\"elementor-image-box-img\"><a href=\"https:\/\/www.protsport.com\/pt-pt\/produtos\/protecoes-da-campo-de-padel\/protecao-de-campo-padel-easy\/\" tabindex=\"-1\"><img decoding=\"async\" width=\"140\" height=\"180\" src=\"https:\/\/www.protsport.com\/wp-content\/uploads\/2023\/03\/Inicio_EASY.jpg\" class=\"attachment-full size-full wp-image-2246\" alt=\"\" \/><\/a><\/figure><div class=\"elementor-image-box-content\"><h3 class=\"elementor-image-box-title\"><a href=\"https:\/\/www.protsport.com\/pt-pt\/produtos\/protecoes-da-campo-de-padel\/protecao-de-campo-padel-easy\/\">Prote\u00e7\u00f5es de pista <\/br>Padel EASY<\/a><\/h3><\/div><\/div>\t\t\t\t<\/div>\n\t\t\t\t<\/div>\n\t\t\t\t\t<\/div>\n\t\t<\/div>\n\t\t\t\t<div class=\"elementor-column elementor-col-25 elementor-top-column elementor-element elementor-element-fbc98a7\" data-id=\"fbc98a7\" data-element_type=\"column\" data-e-type=\"column\">\n\t\t\t<div class=\"elementor-widget-wrap elementor-element-populated\">\n\t\t\t\t\t\t<div class=\"elementor-element elementor-element-6b0444a elementor-position-top elementor-widget elementor-widget-image-box\" data-id=\"6b0444a\" data-element_type=\"widget\" data-e-type=\"widget\" data-widget_type=\"image-box.default\">\n\t\t\t\t<div class=\"elementor-widget-container\">\n\t\t\t\t\t<div class=\"elementor-image-box-wrapper\"><figure class=\"elementor-image-box-img\"><a href=\"https:\/\/www.protsport.com\/pt-pt\/produtos\/capas-de-rede-impressas\/\" tabindex=\"-1\"><img decoding=\"async\" width=\"140\" height=\"180\" src=\"https:\/\/www.protsport.com\/wp-content\/uploads\/2023\/03\/Inicio_Cubre_red.jpg\" class=\"attachment-full size-full wp-image-2241\" alt=\"\" \/><\/a><\/figure><div class=\"elementor-image-box-content\"><h3 class=\"elementor-image-box-title\"><a href=\"https:\/\/www.protsport.com\/pt-pt\/produtos\/capas-de-rede-impressas\/\">Capas de Rede<\/br> Impressas<\/a><\/h3><\/div><\/div>\t\t\t\t<\/div>\n\t\t\t\t<\/div>\n\t\t\t\t\t<\/div>\n\t\t<\/div>\n\t\t\t\t<div class=\"elementor-column elementor-col-25 elementor-top-column elementor-element elementor-element-c52f977\" data-id=\"c52f977\" data-element_type=\"column\" data-e-type=\"column\">\n\t\t\t<div class=\"elementor-widget-wrap elementor-element-populated\">\n\t\t\t\t\t\t<div class=\"elementor-element elementor-element-bc817b2 elementor-position-top elementor-widget elementor-widget-image-box\" data-id=\"bc817b2\" data-element_type=\"widget\" data-e-type=\"widget\" data-widget_type=\"image-box.default\">\n\t\t\t\t<div class=\"elementor-widget-container\">\n\t\t\t\t\t<div class=\"elementor-image-box-wrapper\"><figure class=\"elementor-image-box-img\"><a href=\"https:\/\/www.protsport.com\/pt-pt\/produtos\/lona-de-publicidade\/\" tabindex=\"-1\"><img loading=\"lazy\" decoding=\"async\" width=\"140\" height=\"180\" src=\"https:\/\/www.protsport.com\/wp-content\/uploads\/2023\/03\/Inicio_Lona.jpg\" class=\"attachment-full size-full wp-image-2251\" alt=\"\" \/><\/a><\/figure><div class=\"elementor-image-box-content\"><h3 class=\"elementor-image-box-title\"><a href=\"https:\/\/www.protsport.com\/pt-pt\/produtos\/lona-de-publicidade\/\">Lonas de <\/br>Publicidade<\/a><\/h3><\/div><\/div>\t\t\t\t<\/div>\n\t\t\t\t<\/div>\n\t\t\t\t\t<\/div>\n\t\t<\/div>\n\t\t\t\t\t<\/div>\n\t\t<\/section>\n\t\t\t\t<\/div>\n\t\t","protected":false},"excerpt":{"rendered":"<p>Prote\u00e7\u00f5es para Pistas de Padel Kit completo de prote\u00e7\u00e3o \u00a0 Especialistas em prote\u00e7\u00f5es para campos de padel, t\u00e9nis e futebol &#8230;.. \u00a0 Como jogador de p\u00e1del a seguran\u00e7a nos campos \u00e9 a nossa prioridade, concebemos prote\u00e7\u00f5es de campos de padel com as quais podemos estar seguros no campo, al\u00e9m disso, as nossas prote\u00e7\u00f5es de campos [&hellip;]<\/p>\n","protected":false},"author":1,"featured_media":0,"parent":0,"menu_order":0,"comment_status":"closed","ping_status":"closed","template":"elementor_header_footer","meta":{"footnotes":""},"class_list":["post-2774","page","type-page","status-publish","hentry"],"yoast_head":"<!-- This site is optimized with the Yoast SEO plugin v27.3 - https:\/\/yoast.com\/product\/yoast-seo-wordpress\/ -->\r\n<title>Inicio - ProtSport<\/title>\r\n<meta name=\"description\" content=\"Inicio - Descubre las mejores protecciones para pistas de p\u00e1del.\" \/>\r\n<meta name=\"robots\" content=\"index, follow, max-snippet:-1, max-image-preview:large, max-video-preview:-1\" \/>\r\n<link rel=\"canonical\" href=\"https:\/\/www.protsport.com\/pt-pt\/\" \/>\r\n<meta property=\"og:locale\" content=\"pt_PT\" \/>\r\n<meta property=\"og:type\" content=\"article\" \/>\r\n<meta property=\"og:title\" content=\"Inicio - ProtSport\" \/>\r\n<meta property=\"og:description\" content=\"Inicio - Descubre las mejores protecciones para pistas de p\u00e1del.\" \/>\r\n<meta property=\"og:url\" content=\"https:\/\/www.protsport.com\/pt-pt\/\" \/>\r\n<meta property=\"og:site_name\" content=\"ProtSport\" \/>\r\n<meta property=\"article:modified_time\" content=\"2023-03-15T12:03:07+00:00\" \/>\r\n<meta property=\"og:image\" content=\"https:\/\/www.protsport.com\/wp-content\/uploads\/2023\/03\/Inicio_PRO.jpg\" \/>\r\n<meta name=\"twitter:card\" content=\"summary_large_image\" \/>\r\n<meta name=\"twitter:label1\" content=\"Tempo estimado de leitura\" \/>\n\t<meta name=\"twitter:data1\" content=\"1 minuto\" \/>\r\n<script type=\"application\/ld+json\" class=\"yoast-schema-graph\">{\"@context\":\"https:\\\/\\\/schema.org\",\"@graph\":[{\"@type\":\"WebPage\",\"@id\":\"https:\\\/\\\/www.protsport.com\\\/pt-pt\\\/\",\"url\":\"https:\\\/\\\/www.protsport.com\\\/pt-pt\\\/\",\"name\":\"Inicio - ProtSport\",\"isPartOf\":{\"@id\":\"https:\\\/\\\/www.protsport.com\\\/#website\"},\"primaryImageOfPage\":{\"@id\":\"https:\\\/\\\/www.protsport.com\\\/pt-pt\\\/#primaryimage\"},\"image\":{\"@id\":\"https:\\\/\\\/www.protsport.com\\\/pt-pt\\\/#primaryimage\"},\"thumbnailUrl\":\"https:\\\/\\\/www.protsport.com\\\/wp-content\\\/uploads\\\/2023\\\/03\\\/Inicio_PRO.jpg\",\"datePublished\":\"2023-01-17T06:45:32+00:00\",\"dateModified\":\"2023-03-15T12:03:07+00:00\",\"description\":\"Inicio - Descubre las mejores protecciones para pistas de p\u00e1del.\",\"breadcrumb\":{\"@id\":\"https:\\\/\\\/www.protsport.com\\\/pt-pt\\\/#breadcrumb\"},\"inLanguage\":\"pt-PT\",\"potentialAction\":[{\"@type\":\"ReadAction\",\"target\":[\"https:\\\/\\\/www.protsport.com\\\/pt-pt\\\/\"]}]},{\"@type\":\"ImageObject\",\"inLanguage\":\"pt-PT\",\"@id\":\"https:\\\/\\\/www.protsport.com\\\/pt-pt\\\/#primaryimage\",\"url\":\"https:\\\/\\\/www.protsport.com\\\/wp-content\\\/uploads\\\/2023\\\/03\\\/Inicio_PRO.jpg\",\"contentUrl\":\"https:\\\/\\\/www.protsport.com\\\/wp-content\\\/uploads\\\/2023\\\/03\\\/Inicio_PRO.jpg\"},{\"@type\":\"BreadcrumbList\",\"@id\":\"https:\\\/\\\/www.protsport.com\\\/pt-pt\\\/#breadcrumb\",\"itemListElement\":[{\"@type\":\"ListItem\",\"position\":1,\"name\":\"Portada\",\"item\":\"https:\\\/\\\/www.protsport.com\\\/pt-pt\\\/\"},{\"@type\":\"ListItem\",\"position\":2,\"name\":\"Inicio\"}]},{\"@type\":\"WebSite\",\"@id\":\"https:\\\/\\\/www.protsport.com\\\/#website\",\"url\":\"https:\\\/\\\/www.protsport.com\\\/\",\"name\":\"ProtSport\",\"description\":\"Protecciones para pista de padel serguras y de Calidad\",\"publisher\":{\"@id\":\"https:\\\/\\\/www.protsport.com\\\/#organization\"},\"potentialAction\":[{\"@type\":\"SearchAction\",\"target\":{\"@type\":\"EntryPoint\",\"urlTemplate\":\"https:\\\/\\\/www.protsport.com\\\/?s={search_term_string}\"},\"query-input\":{\"@type\":\"PropertyValueSpecification\",\"valueRequired\":true,\"valueName\":\"search_term_string\"}}],\"inLanguage\":\"pt-PT\"},{\"@type\":\"Organization\",\"@id\":\"https:\\\/\\\/www.protsport.com\\\/#organization\",\"name\":\"ProtSport\",\"url\":\"https:\\\/\\\/www.protsport.com\\\/\",\"logo\":{\"@type\":\"ImageObject\",\"inLanguage\":\"pt-PT\",\"@id\":\"https:\\\/\\\/www.protsport.com\\\/#\\\/schema\\\/logo\\\/image\\\/\",\"url\":\"https:\\\/\\\/www.protsport.com\\\/wp-content\\\/uploads\\\/2025\\\/06\\\/cropped-Logo-PS-1.gif\",\"contentUrl\":\"https:\\\/\\\/www.protsport.com\\\/wp-content\\\/uploads\\\/2025\\\/06\\\/cropped-Logo-PS-1.gif\",\"width\":357,\"height\":87,\"caption\":\"ProtSport\"},\"image\":{\"@id\":\"https:\\\/\\\/www.protsport.com\\\/#\\\/schema\\\/logo\\\/image\\\/\"}}]}<\/script>\r\n<!-- \/ Yoast SEO plugin. -->","yoast_head_json":{"title":"Inicio - ProtSport","description":"Inicio - Descubre las mejores protecciones para pistas de p\u00e1del.","robots":{"index":"index","follow":"follow","max-snippet":"max-snippet:-1","max-image-preview":"max-image-preview:large","max-video-preview":"max-video-preview:-1"},"canonical":"https:\/\/www.protsport.com\/pt-pt\/","og_locale":"pt_PT","og_type":"article","og_title":"Inicio - ProtSport","og_description":"Inicio - Descubre las mejores protecciones para pistas de p\u00e1del.","og_url":"https:\/\/www.protsport.com\/pt-pt\/","og_site_name":"ProtSport","article_modified_time":"2023-03-15T12:03:07+00:00","og_image":[{"url":"https:\/\/www.protsport.com\/wp-content\/uploads\/2023\/03\/Inicio_PRO.jpg","type":"","width":"","height":""}],"twitter_card":"summary_large_image","twitter_misc":{"Tempo estimado de leitura":"1 minuto"},"schema":{"@context":"https:\/\/schema.org","@graph":[{"@type":"WebPage","@id":"https:\/\/www.protsport.com\/pt-pt\/","url":"https:\/\/www.protsport.com\/pt-pt\/","name":"Inicio - ProtSport","isPartOf":{"@id":"https:\/\/www.protsport.com\/#website"},"primaryImageOfPage":{"@id":"https:\/\/www.protsport.com\/pt-pt\/#primaryimage"},"image":{"@id":"https:\/\/www.protsport.com\/pt-pt\/#primaryimage"},"thumbnailUrl":"https:\/\/www.protsport.com\/wp-content\/uploads\/2023\/03\/Inicio_PRO.jpg","datePublished":"2023-01-17T06:45:32+00:00","dateModified":"2023-03-15T12:03:07+00:00","description":"Inicio - Descubre las mejores protecciones para pistas de p\u00e1del.","breadcrumb":{"@id":"https:\/\/www.protsport.com\/pt-pt\/#breadcrumb"},"inLanguage":"pt-PT","potentialAction":[{"@type":"ReadAction","target":["https:\/\/www.protsport.com\/pt-pt\/"]}]},{"@type":"ImageObject","inLanguage":"pt-PT","@id":"https:\/\/www.protsport.com\/pt-pt\/#primaryimage","url":"https:\/\/www.protsport.com\/wp-content\/uploads\/2023\/03\/Inicio_PRO.jpg","contentUrl":"https:\/\/www.protsport.com\/wp-content\/uploads\/2023\/03\/Inicio_PRO.jpg"},{"@type":"BreadcrumbList","@id":"https:\/\/www.protsport.com\/pt-pt\/#breadcrumb","itemListElement":[{"@type":"ListItem","position":1,"name":"Portada","item":"https:\/\/www.protsport.com\/pt-pt\/"},{"@type":"ListItem","position":2,"name":"Inicio"}]},{"@type":"WebSite","@id":"https:\/\/www.protsport.com\/#website","url":"https:\/\/www.protsport.com\/","name":"ProtSport","description":"Protecciones para pista de padel serguras y de Calidad","publisher":{"@id":"https:\/\/www.protsport.com\/#organization"},"potentialAction":[{"@type":"SearchAction","target":{"@type":"EntryPoint","urlTemplate":"https:\/\/www.protsport.com\/?s={search_term_string}"},"query-input":{"@type":"PropertyValueSpecification","valueRequired":true,"valueName":"search_term_string"}}],"inLanguage":"pt-PT"},{"@type":"Organization","@id":"https:\/\/www.protsport.com\/#organization","name":"ProtSport","url":"https:\/\/www.protsport.com\/","logo":{"@type":"ImageObject","inLanguage":"pt-PT","@id":"https:\/\/www.protsport.com\/#\/schema\/logo\/image\/","url":"https:\/\/www.protsport.com\/wp-content\/uploads\/2025\/06\/cropped-Logo-PS-1.gif","contentUrl":"https:\/\/www.protsport.com\/wp-content\/uploads\/2025\/06\/cropped-Logo-PS-1.gif","width":357,"height":87,"caption":"ProtSport"},"image":{"@id":"https:\/\/www.protsport.com\/#\/schema\/logo\/image\/"}}]}},"_links":{"self":[{"href":"https:\/\/www.protsport.com\/pt-pt\/wp-json\/wp\/v2\/pages\/2774","targetHints":{"allow":["GET"]}}],"collection":[{"href":"https:\/\/www.protsport.com\/pt-pt\/wp-json\/wp\/v2\/pages"}],"about":[{"href":"https:\/\/www.protsport.com\/pt-pt\/wp-json\/wp\/v2\/types\/page"}],"author":[{"embeddable":true,"href":"https:\/\/www.protsport.com\/pt-pt\/wp-json\/wp\/v2\/users\/1"}],"replies":[{"embeddable":true,"href":"https:\/\/www.protsport.com\/pt-pt\/wp-json\/wp\/v2\/comments?post=2774"}],"version-history":[{"count":0,"href":"https:\/\/www.protsport.com\/pt-pt\/wp-json\/wp\/v2\/pages\/2774\/revisions"}],"wp:attachment":[{"href":"https:\/\/www.protsport.com\/pt-pt\/wp-json\/wp\/v2\/media?parent=2774"}],"curies":[{"name":"wp","href":"https:\/\/api.w.org\/{rel}","templated":true}]}}