{"id":2431,"date":"2023-01-17T08:15:45","date_gmt":"2023-01-17T07:15:45","guid":{"rendered":"https:\/\/dev.protsport.com\/about-us\/"},"modified":"2024-06-26T16:30:00","modified_gmt":"2024-06-26T14:30:00","slug":"about-us","status":"publish","type":"page","link":"https:\/\/www.protsport.com\/en\/about-us\/","title":{"rendered":"About us?"},"content":{"rendered":"\t\t<div data-elementor-type=\"wp-page\" data-elementor-id=\"2431\" class=\"elementor elementor-2431 elementor-34\">\n\t\t\t\t\t\t<section class=\"elementor-section elementor-top-section elementor-element elementor-element-b7629b1 elementor-section-full_width elementor-section-height-default elementor-section-height-default\" data-id=\"b7629b1\" data-element_type=\"section\" data-e-type=\"section\">\n\t\t\t\t\t\t<div class=\"elementor-container elementor-column-gap-no\">\n\t\t\t\t\t<div class=\"elementor-column elementor-col-100 elementor-top-column elementor-element elementor-element-00fe37b\" data-id=\"00fe37b\" data-element_type=\"column\" data-e-type=\"column\">\n\t\t\t<div class=\"elementor-widget-wrap elementor-element-populated\">\n\t\t\t\t\t\t<div class=\"elementor-element elementor-element-de9f918 elementor-widget elementor-widget-about-us\" data-id=\"de9f918\" data-element_type=\"widget\" data-e-type=\"widget\" data-widget_type=\"about-us.default\">\n\t\t\t\t<div class=\"elementor-widget-container\">\n\t\t\t\t\t\r\n        <!-- About Button Link -->\r\n                \r\n        \r\n            \r\n                <!-- START ABOUT AREA -->\r\n                <section class=\"about-area ptb-40\">\r\n                    <div class=\"container-block-fluid\">\r\n                        <div class=\"row\">\r\n                            <div data-aos=\"fade-up\" data-aos-duration=\"1200\" class=\"full-col col-lg-6\">\r\n                                <div class=\"about-content\">\r\n                                    <span class=\"top-title\">Bienvenido a ProtSport<\/span>\r\n                                    <h2>Seguridad en el juego<\/h2>\r\n                                    <p><p><h4>PROTSPORT ES UNA EMPRESA ESPECIALIZADA EN LA SEGURIDAD DEL DEPORTE.<\/h4><p>\n<p>\nProtSport naci\u00f3 con la necesidad de proteger las entradas y salidas de las pistas de P\u00e1del, dado que cada vez se esta profesionalizando mas el deporte del P\u00e1del.\n<\/p><p>\nLlevamos varios a\u00f1os dando servicio y adaptando las protecciones a todos los requerimientos que se nos presentan en las pistas. Al ser fabricantes podemos confeccionar la protecciones que nos solicita el cliente para todos los deportes, usando unos materiales de alta calidad y con un buen acabado.\n<\/p><p>\nNuestras protecciones para las pistas de P\u00e1del tienen dos funciones, la primera y fundamenta, es proteger al jugador y la segunda es que la protecci\u00f3n sea una fuente de ingreso para el club, al estar pensadas para poder poner y quitar la lona\/papel con la publicidad de los patrocinadores y los mas importante manteniendo siempre la misma protecci\u00f3n sin mas inversi\u00f3n.<\/p>\n\n<p>Podemos proteger:\n\n<ul class=\"list clearfix\">\n<li><i class=\"bx bx-diamond\"><\/i>Pistas de padel<\/li>\n<li><i class=\"bx bx-diamond\"><\/i>Pistad de Tenis<\/li>\n<li><i class=\"bx bx-diamond\"><\/i>Canchas de b\u00e1asquet<\/li>\n<li><i class=\"bx bx-diamond\"><\/i>Pistas de Ski<\/li>\n<li><i class=\"bx bx-diamond\"><\/i>......explicanos vuestra necesidades, fabricamos a medida....<\/li>\n<\/ul>\n<\/p>\n<p>Tenemos todo tipo de espumas, densidades, lonas, colores, etc\u2026<\/p><\/p>\r\n                                   \r\n                                    <!-- Button Part Start --> \r\n                                                                        <!-- Button Part End -->\r\n\r\n                                <\/div>\r\n                            <\/div>\r\n\r\n                            <div data-aos=\"fade-up\" data-aos-duration=\"1600\" class=\"full-col col-lg-6\">\r\n                                <div class=\"about-img\" style=\"background-image: url(https:\/\/www.protsport.com\/wp-content\/uploads\/2023\/02\/Espumas3.jpg)\">\r\n                                                                    <\/div>\r\n                            <\/div>\r\n                        <\/div>\r\n                    <\/div>\r\n                <\/section>\r\n                <!-- END ABOUT AREA -->\r\n\r\n            \r\n                \r\n        \r\n        \r\n        \t\t\t\t<\/div>\n\t\t\t\t<\/div>\n\t\t\t\t\t<\/div>\n\t\t<\/div>\n\t\t\t\t\t<\/div>\n\t\t<\/section>\n\t\t\t\t<\/div>\n\t\t","protected":false},"excerpt":{"rendered":"<p>Bienvenido a ProtSport Seguridad en el juego PROTSPORT ES UNA EMPRESA ESPECIALIZADA EN LA SEGURIDAD DEL DEPORTE. ProtSport naci\u00f3 con la necesidad de proteger las entradas y salidas de las pistas de P\u00e1del, dado que cada vez se esta profesionalizando mas el deporte del P\u00e1del. Llevamos varios a\u00f1os dando servicio y adaptando las protecciones a [&hellip;]<\/p>\n","protected":false},"author":1,"featured_media":0,"parent":0,"menu_order":0,"comment_status":"closed","ping_status":"closed","template":"","meta":{"footnotes":""},"class_list":["post-2431","page","type-page","status-publish","hentry"],"yoast_head":"<!-- This site is optimized with the Yoast SEO plugin v27.3 - https:\/\/yoast.com\/product\/yoast-seo-wordpress\/ -->\r\n<title>About us? - ProtSport<\/title>\r\n<meta name=\"description\" content=\"About us? - Descubre las mejores protecciones para pistas de p\u00e1del.\" \/>\r\n<meta name=\"robots\" content=\"index, follow, max-snippet:-1, max-image-preview:large, max-video-preview:-1\" \/>\r\n<link rel=\"canonical\" href=\"https:\/\/www.protsport.com\/en\/about-us\/\" \/>\r\n<meta property=\"og:locale\" content=\"en_US\" \/>\r\n<meta property=\"og:type\" content=\"article\" \/>\r\n<meta property=\"og:title\" content=\"About us? - ProtSport\" \/>\r\n<meta property=\"og:description\" content=\"About us? - Descubre las mejores protecciones para pistas de p\u00e1del.\" \/>\r\n<meta property=\"og:url\" content=\"https:\/\/www.protsport.com\/en\/about-us\/\" \/>\r\n<meta property=\"og:site_name\" content=\"ProtSport\" \/>\r\n<meta property=\"article:modified_time\" content=\"2024-06-26T14:30:00+00:00\" \/>\r\n<meta name=\"twitter:card\" content=\"summary_large_image\" \/>\r\n<meta name=\"twitter:label1\" content=\"Est. reading time\" \/>\n\t<meta name=\"twitter:data1\" content=\"1 minute\" \/>\r\n<script type=\"application\/ld+json\" class=\"yoast-schema-graph\">{\"@context\":\"https:\\\/\\\/schema.org\",\"@graph\":[{\"@type\":\"WebPage\",\"@id\":\"https:\\\/\\\/www.protsport.com\\\/en\\\/about-us\\\/\",\"url\":\"https:\\\/\\\/www.protsport.com\\\/en\\\/about-us\\\/\",\"name\":\"About us? - ProtSport\",\"isPartOf\":{\"@id\":\"https:\\\/\\\/www.protsport.com\\\/#website\"},\"datePublished\":\"2023-01-17T07:15:45+00:00\",\"dateModified\":\"2024-06-26T14:30:00+00:00\",\"description\":\"About us? - Descubre las mejores protecciones para pistas de p\u00e1del.\",\"breadcrumb\":{\"@id\":\"https:\\\/\\\/www.protsport.com\\\/en\\\/about-us\\\/#breadcrumb\"},\"inLanguage\":\"en-US\",\"potentialAction\":[{\"@type\":\"ReadAction\",\"target\":[\"https:\\\/\\\/www.protsport.com\\\/en\\\/about-us\\\/\"]}]},{\"@type\":\"BreadcrumbList\",\"@id\":\"https:\\\/\\\/www.protsport.com\\\/en\\\/about-us\\\/#breadcrumb\",\"itemListElement\":[{\"@type\":\"ListItem\",\"position\":1,\"name\":\"Portada\",\"item\":\"https:\\\/\\\/www.protsport.com\\\/en\\\/\"},{\"@type\":\"ListItem\",\"position\":2,\"name\":\"About us?\"}]},{\"@type\":\"WebSite\",\"@id\":\"https:\\\/\\\/www.protsport.com\\\/#website\",\"url\":\"https:\\\/\\\/www.protsport.com\\\/\",\"name\":\"ProtSport\",\"description\":\"Protecciones para pista de padel serguras y de Calidad\",\"publisher\":{\"@id\":\"https:\\\/\\\/www.protsport.com\\\/#organization\"},\"potentialAction\":[{\"@type\":\"SearchAction\",\"target\":{\"@type\":\"EntryPoint\",\"urlTemplate\":\"https:\\\/\\\/www.protsport.com\\\/?s={search_term_string}\"},\"query-input\":{\"@type\":\"PropertyValueSpecification\",\"valueRequired\":true,\"valueName\":\"search_term_string\"}}],\"inLanguage\":\"en-US\"},{\"@type\":\"Organization\",\"@id\":\"https:\\\/\\\/www.protsport.com\\\/#organization\",\"name\":\"ProtSport\",\"url\":\"https:\\\/\\\/www.protsport.com\\\/\",\"logo\":{\"@type\":\"ImageObject\",\"inLanguage\":\"en-US\",\"@id\":\"https:\\\/\\\/www.protsport.com\\\/#\\\/schema\\\/logo\\\/image\\\/\",\"url\":\"https:\\\/\\\/www.protsport.com\\\/wp-content\\\/uploads\\\/2025\\\/06\\\/cropped-Logo-PS-1.gif\",\"contentUrl\":\"https:\\\/\\\/www.protsport.com\\\/wp-content\\\/uploads\\\/2025\\\/06\\\/cropped-Logo-PS-1.gif\",\"width\":357,\"height\":87,\"caption\":\"ProtSport\"},\"image\":{\"@id\":\"https:\\\/\\\/www.protsport.com\\\/#\\\/schema\\\/logo\\\/image\\\/\"}}]}<\/script>\r\n<!-- \/ Yoast SEO plugin. -->","yoast_head_json":{"title":"About us? - ProtSport","description":"About us? - Descubre las mejores protecciones para pistas de p\u00e1del.","robots":{"index":"index","follow":"follow","max-snippet":"max-snippet:-1","max-image-preview":"max-image-preview:large","max-video-preview":"max-video-preview:-1"},"canonical":"https:\/\/www.protsport.com\/en\/about-us\/","og_locale":"en_US","og_type":"article","og_title":"About us? - ProtSport","og_description":"About us? - Descubre las mejores protecciones para pistas de p\u00e1del.","og_url":"https:\/\/www.protsport.com\/en\/about-us\/","og_site_name":"ProtSport","article_modified_time":"2024-06-26T14:30:00+00:00","twitter_card":"summary_large_image","twitter_misc":{"Est. reading time":"1 minute"},"schema":{"@context":"https:\/\/schema.org","@graph":[{"@type":"WebPage","@id":"https:\/\/www.protsport.com\/en\/about-us\/","url":"https:\/\/www.protsport.com\/en\/about-us\/","name":"About us? - ProtSport","isPartOf":{"@id":"https:\/\/www.protsport.com\/#website"},"datePublished":"2023-01-17T07:15:45+00:00","dateModified":"2024-06-26T14:30:00+00:00","description":"About us? - Descubre las mejores protecciones para pistas de p\u00e1del.","breadcrumb":{"@id":"https:\/\/www.protsport.com\/en\/about-us\/#breadcrumb"},"inLanguage":"en-US","potentialAction":[{"@type":"ReadAction","target":["https:\/\/www.protsport.com\/en\/about-us\/"]}]},{"@type":"BreadcrumbList","@id":"https:\/\/www.protsport.com\/en\/about-us\/#breadcrumb","itemListElement":[{"@type":"ListItem","position":1,"name":"Portada","item":"https:\/\/www.protsport.com\/en\/"},{"@type":"ListItem","position":2,"name":"About us?"}]},{"@type":"WebSite","@id":"https:\/\/www.protsport.com\/#website","url":"https:\/\/www.protsport.com\/","name":"ProtSport","description":"Protecciones para pista de padel serguras y de Calidad","publisher":{"@id":"https:\/\/www.protsport.com\/#organization"},"potentialAction":[{"@type":"SearchAction","target":{"@type":"EntryPoint","urlTemplate":"https:\/\/www.protsport.com\/?s={search_term_string}"},"query-input":{"@type":"PropertyValueSpecification","valueRequired":true,"valueName":"search_term_string"}}],"inLanguage":"en-US"},{"@type":"Organization","@id":"https:\/\/www.protsport.com\/#organization","name":"ProtSport","url":"https:\/\/www.protsport.com\/","logo":{"@type":"ImageObject","inLanguage":"en-US","@id":"https:\/\/www.protsport.com\/#\/schema\/logo\/image\/","url":"https:\/\/www.protsport.com\/wp-content\/uploads\/2025\/06\/cropped-Logo-PS-1.gif","contentUrl":"https:\/\/www.protsport.com\/wp-content\/uploads\/2025\/06\/cropped-Logo-PS-1.gif","width":357,"height":87,"caption":"ProtSport"},"image":{"@id":"https:\/\/www.protsport.com\/#\/schema\/logo\/image\/"}}]}},"_links":{"self":[{"href":"https:\/\/www.protsport.com\/en\/wp-json\/wp\/v2\/pages\/2431","targetHints":{"allow":["GET"]}}],"collection":[{"href":"https:\/\/www.protsport.com\/en\/wp-json\/wp\/v2\/pages"}],"about":[{"href":"https:\/\/www.protsport.com\/en\/wp-json\/wp\/v2\/types\/page"}],"author":[{"embeddable":true,"href":"https:\/\/www.protsport.com\/en\/wp-json\/wp\/v2\/users\/1"}],"replies":[{"embeddable":true,"href":"https:\/\/www.protsport.com\/en\/wp-json\/wp\/v2\/comments?post=2431"}],"version-history":[{"count":0,"href":"https:\/\/www.protsport.com\/en\/wp-json\/wp\/v2\/pages\/2431\/revisions"}],"wp:attachment":[{"href":"https:\/\/www.protsport.com\/en\/wp-json\/wp\/v2\/media?parent=2431"}],"curies":[{"name":"wp","href":"https:\/\/api.w.org\/{rel}","templated":true}]}}